{"id":35216,"date":"2024-04-01T13:44:01","date_gmt":"2024-04-01T12:44:01","guid":{"rendered":"https:\/\/holzply.com\/?page_id=35216"},"modified":"2024-04-14T13:52:51","modified_gmt":"2024-04-14T12:52:51","slug":"parquet","status":"publish","type":"page","link":"https:\/\/holzply.com\/it\/parquet\/","title":{"rendered":"COMPENSATO DI BETULLA - PARQUET"},"content":{"rendered":"<div data-elementor-type=\"wp-page\" data-elementor-id=\"35216\" class=\"elementor elementor-35216\">\n\t\t\t\t\t\t<section class=\"elementor-section elementor-top-section elementor-element elementor-element-1c0efa0 elementor-section-boxed elementor-section-height-default elementor-section-height-default sc_fly_static\" data-id=\"1c0efa0\" data-element_type=\"section\">\n\t\t\t\t\t\t<div class=\"elementor-container elementor-column-gap-extended\">\n\t\t\t\t\t<div class=\"elementor-column elementor-col-50 elementor-top-column elementor-element elementor-element-0a0893a sc_inner_width_none sc_content_align_inherit sc_layouts_column_icons_position_left sc_fly_static\" data-id=\"0a0893a\" data-element_type=\"column\">\n\t\t\t<div class=\"elementor-widget-wrap elementor-element-populated\">\n\t\t\t\t\t\t<div class=\"elementor-element elementor-element-526a489 sc_fly_static elementor-widget elementor-widget-image\" data-id=\"526a489\" data-element_type=\"widget\" data-widget_type=\"image.default\">\n\t\t\t\t<div class=\"elementor-widget-container\">\n\t\t\t\t\t\t\t\t\t\t\t\t\t\t\t<img fetchpriority=\"high\" decoding=\"async\" width=\"1024\" height=\"1024\" src=\"https:\/\/holzply.com\/wp-content\/uploads\/2024\/04\/Parquet-Standard-1-e1711975513218-1024x1024.jpg\" class=\"attachment-large size-large wp-image-35224\" alt=\"\" srcset=\"https:\/\/holzply.com\/wp-content\/uploads\/2024\/04\/Parquet-Standard-1-e1711975513218-1024x1024.jpg 1024w, https:\/\/holzply.com\/wp-content\/uploads\/2024\/04\/Parquet-Standard-1-e1711975513218-300x300.jpg 300w, https:\/\/holzply.com\/wp-content\/uploads\/2024\/04\/Parquet-Standard-1-e1711975513218-150x150.jpg 150w, https:\/\/holzply.com\/wp-content\/uploads\/2024\/04\/Parquet-Standard-1-e1711975513218-768x768.jpg 768w, https:\/\/holzply.com\/wp-content\/uploads\/2024\/04\/Parquet-Standard-1-e1711975513218-1536x1536.jpg 1536w, https:\/\/holzply.com\/wp-content\/uploads\/2024\/04\/Parquet-Standard-1-e1711975513218-370x370.jpg 370w, https:\/\/holzply.com\/wp-content\/uploads\/2024\/04\/Parquet-Standard-1-e1711975513218-120x120.jpg 120w, https:\/\/holzply.com\/wp-content\/uploads\/2024\/04\/Parquet-Standard-1-e1711975513218-840x840.jpg 840w, https:\/\/holzply.com\/wp-content\/uploads\/2024\/04\/Parquet-Standard-1-e1711975513218-410x410.jpg 410w, https:\/\/holzply.com\/wp-content\/uploads\/2024\/04\/Parquet-Standard-1-e1711975513218-630x630.jpg 630w, https:\/\/holzply.com\/wp-content\/uploads\/2024\/04\/Parquet-Standard-1-e1711975513218-600x600.jpg 600w, https:\/\/holzply.com\/wp-content\/uploads\/2024\/04\/Parquet-Standard-1-e1711975513218.jpg 1700w\" sizes=\"(max-width: 1024px) 100vw, 1024px\" \/>\t\t\t\t\t\t\t\t\t\t\t\t\t\t\t<\/div>\n\t\t\t\t<\/div>\n\t\t\t\t\t<\/div>\n\t\t<\/div>\n\t\t\t\t<div class=\"elementor-column elementor-col-50 elementor-top-column elementor-element elementor-element-18553a7 sc_inner_width_none sc_content_align_inherit sc_layouts_column_icons_position_left sc_fly_static\" data-id=\"18553a7\" data-element_type=\"column\">\n\t\t\t<div class=\"elementor-widget-wrap elementor-element-populated\">\n\t\t\t\t\t\t<div class=\"elementor-element elementor-element-21a3cad sc_fly_static elementor-widget elementor-widget-heading\" data-id=\"21a3cad\" data-element_type=\"widget\" data-widget_type=\"heading.default\">\n\t\t\t\t<div class=\"elementor-widget-container\">\n\t\t\t\t\t<h2 class=\"elementor-heading-title elementor-size-default\">COMPENSATO DI BETULLA - PARQUET<\/h2>\t\t\t\t<\/div>\n\t\t\t\t<\/div>\n\t\t\t\t<div class=\"elementor-element elementor-element-c1719f4 sc_fly_static elementor-widget elementor-widget-text-editor\" data-id=\"c1719f4\" data-element_type=\"widget\" data-widget_type=\"text-editor.default\">\n\t\t\t\t<div class=\"elementor-widget-container\">\n\t\t\t\t\t\t\t\t\t<p class=\"p1\">Il compensato di betulla Parquet rispetta le tolleranze di spessore fondamentali per la produzione di parquet. La sua maggiore resistenza all'acqua, attribuita all'adesivo in resina fenolo-formaldeide, garantisce sia la durata che la stabilit\u00e0 dimensionale.<\/p><p class=\"p1\">Grazie all'integrazione di impiallacciature di betulla di spessore speciale, il nostro compensato per parquet \u00e8 disponibile in spessori standard e non standard, pur mantenendo tolleranze precise. Con livelli di umidit\u00e0 ottimali e una robusta capacit\u00e0 di carico, il nostro compensato per parquet si distingue per sicurezza, leggerezza e stabilit\u00e0 dimensionale.<\/p><p class=\"p1\">Inoltre, il compensato tagliato su misura \u00e8 molto apprezzato dai produttori di parquet per la sua versatilit\u00e0 di applicazione. Per rafforzare le propriet\u00e0 di resistenza, \u00e8 possibile utilizzare impiallacciature solide negli strati interni. I nostri livelli di emissione di formaldeide soddisfano gli standard pi\u00f9 rigorosi, rispettando i requisiti E0.5, CARB e ULEF.<\/p>\t\t\t\t\t\t\t\t<\/div>\n\t\t\t\t<\/div>\n\t\t\t\t\t<\/div>\n\t\t<\/div>\n\t\t\t\t\t<\/div>\n\t\t<\/section>\n\t\t\t\t<section class=\"elementor-section elementor-top-section elementor-element elementor-element-943c86a elementor-section-boxed elementor-section-height-default elementor-section-height-default sc_fly_static\" data-id=\"943c86a\" data-element_type=\"section\">\n\t\t\t\t\t\t<div class=\"elementor-container elementor-column-gap-extended\">\n\t\t\t\t\t<div class=\"elementor-column elementor-col-100 elementor-top-column elementor-element elementor-element-3137eb6 sc_inner_width_none sc_content_align_inherit sc_layouts_column_icons_position_left sc_fly_static\" data-id=\"3137eb6\" data-element_type=\"column\">\n\t\t\t<div class=\"elementor-widget-wrap elementor-element-populated\">\n\t\t\t\t\t\t<div class=\"elementor-element elementor-element-1e32835 sc_fly_static elementor-widget elementor-widget-heading\" data-id=\"1e32835\" data-element_type=\"widget\" data-widget_type=\"heading.default\">\n\t\t\t\t<div class=\"elementor-widget-container\">\n\t\t\t\t\t<h3 class=\"elementor-heading-title elementor-size-default\">scheda tecnica<\/h3>\t\t\t\t<\/div>\n\t\t\t\t<\/div>\n\t\t\t\t<div class=\"elementor-element elementor-element-d8051b9 sc_fly_static elementor-widget elementor-widget-trx_sc_table\" data-id=\"d8051b9\" data-element_type=\"widget\" data-widget_type=\"trx_sc_table.default\">\n\t\t\t\t<div class=\"elementor-widget-container\">\n\t\t\t\t\t<div class=\"sc_table_wrap\"><div\t\tclass=\"sc_table sc_table_default trx_addons_inline_1469051374\" ><table cellspacing=\"0\" summary=\"technical sheet\">\n\t<tr>\n\t\t<td>Spessori (mm):<\/td>\n\t\t<td>4; 6; 9; 12; 15<\/td>\n\t<\/tr>\n\t<tr>\n\t\t<td>Taglie disponibili (mm):<\/td>\n\t\t<td>1525 x 1525; 2440 x 1220; 2500 \u0445 1250<\/td>\n\t<\/tr>\n\t<tr>\n\t\t<td>Colla:<\/td>\n\t\t<td>Esterno - Adesivo a base di formaldeide fenolica (WBP)\n<\/td>\n\t<\/tr>\n\t<tr>\n\t\t<td>Emissioni di formaldeide:<\/td>\n\t\t<td>E 0.5, CARB ULEF<\/td>\n\t<\/tr>\n\t<tr>\n\t\t<td>Classi:<\/td>\n\t\t<td>B\/BB; BB\/BB; BB\/CP; BB\/C; CP\/CP; CP\/C<\/td>\n\t<\/tr>\n\t<tr>\n\t\t<td>Tipo di superficie:<\/td>\n\t\t<td>Strati esterni levigati (S2S); non levigati (NS)<\/td>\n\t<\/tr>\n\t<tr>\n\t\t<td>Contenuto di umidit\u00e0:<\/td>\n\t\t<td>5-9%<\/td>\n\t<\/tr>\n\t<tr>\n\t\t<td>Densit\u00e0 (kg\/m3):<\/td>\n\t\t<td>640-700<\/td>\n\t<\/tr>\n<\/table><\/div><\/div>\t\t\t\t<\/div>\n\t\t\t\t<\/div>\n\t\t\t\t\t<\/div>\n\t\t<\/div>\n\t\t\t\t\t<\/div>\n\t\t<\/section>\n\t\t\t\t<section class=\"elementor-section elementor-top-section elementor-element elementor-element-8dc8cb9 elementor-section-boxed elementor-section-height-default elementor-section-height-default sc_fly_static\" data-id=\"8dc8cb9\" data-element_type=\"section\">\n\t\t\t\t\t\t<div class=\"elementor-container elementor-column-gap-extended\">\n\t\t\t\t\t<div class=\"elementor-column elementor-col-100 elementor-top-column elementor-element elementor-element-f2a621c sc_inner_width_none sc_content_align_inherit sc_layouts_column_icons_position_left sc_fly_static\" data-id=\"f2a621c\" data-element_type=\"column\">\n\t\t\t<div class=\"elementor-widget-wrap elementor-element-populated\">\n\t\t\t\t\t\t<div class=\"elementor-element elementor-element-8a838e7 sc_fly_static elementor-widget elementor-widget-html\" data-id=\"8a838e7\" data-element_type=\"widget\" data-widget_type=\"html.default\">\n\t\t\t\t<div class=\"elementor-widget-container\">\n\t\t\t\t\t<div class=\"product type-product post-27614 status-publish first instock product_cat-decor product_cat-samples product_tag-floor product_tag-house product_tag-item product_tag-repair has-post-thumbnail shipping-taxable purchasable product-type-variable woocommerce\"><section class=\"related products\">\n    <h2>Prodotti correlati<\/h2>\n\n    <ul class=\"products columns-3\">\n      <!-- <li class=\"product type-product post-2340 status-publish first instock product_cat-samples product_cat-wood product_tag-decor product_tag-design product_tag-home has-post-thumbnail shipping-taxable purchasable product-type-simple wishlist_decorated\">\n        <div class=\"post_item post_layout_thumbs\">\n          <div class=\"post_featured hover_shop\">\n            <a href=\"\/regular\">\n              <img loading=\"lazy\" loading=\"lazy\" width=\"630\" height=\"630\" src=\"https:\/\/holzply.com\/wp-content\/uploads\/2024\/04\/Layer-10-scaled-e1711965004746.jpg\" class=\"attachment-woocommerce_thumbnail size-woocommerce_thumbnail\" alt=\"\" decoding=\"async\" >\n            <\/a>\n            <div class=\"mask\"><\/div>\n          <\/div>\n          <div class=\"post_data\">\n            <div class=\"post_data_inner\">\n              <div class=\"post_header entry-header\">\n                <h2 class=\"woocommerce-loop-product__title\">\n                  <a href=\"\/regular\">Birch plywood - Regular<\/a>\n                <\/h2>\n              <\/div>\n            <\/div>\n          <\/div>\n        <\/div>\n      <\/li> -->\n\n      <li class=\"product type-product post-2345 status-publish last instock product_cat-samples product_cat-wood product_tag-decor product_tag-design product_tag-home has-post-thumbnail shipping-taxable purchasable product-type-simple wishlist_decorated\">\n        <div class=\"post_item post_layout_thumbs\">\n          <div class=\"post_featured hover_shop\">\n            <a href=\"\/it\/uv\/\">\n              <img loading=\"lazy\" width=\"630\" height=\"630\" src=\"https:\/\/holzply.com\/wp-content\/uploads\/2024\/04\/UV-scaled-e1711975012291.jpg\" class=\"attachment-woocommerce_thumbnail size-woocommerce_thumbnail\" alt=\"\" decoding=\"async\">\n            <\/a>\n            <div class=\"mask\"><\/div>\n          <\/div>\n          <div class=\"post_data\">\n            <div class=\"post_data_inner\">\n              <div class=\"post_header entry-header\">\n                <h2 class=\"woocommerce-loop-product__title\">\n                  <a href=\"\/it\/uv\/\">COMPENSATO DI BETULLA - UV<\/a>\n                <\/h2>\n              <\/div>\n            <\/div>\n          <\/div>\n        <\/div>\n      <\/li>\n\n      <li class=\"product type-product post-27614 status-publish last instock product_cat-decor product_cat-samples product_tag-floor product_tag-house product_tag-item product_tag-repair has-post-thumbnail shipping-taxable purchasable product-type-variable wishlist_decorated\">\n        <div class=\"post_item post_layout_thumbs\">\n          <div class=\"post_featured hover_shop\">\n            <a href=\"\/it\/color\/\">\n              <img loading=\"lazy\" width=\"630\" height=\"630\" src=\"https:\/\/holzply.com\/wp-content\/uploads\/2024\/04\/Color-1-scaled-e1711972264862.jpg\" class=\"attachment-woocommerce_thumbnail size-woocommerce_thumbnail\" alt=\"\" decoding=\"async\">\n            <\/a>\n            <div class=\"mask\"><\/div>\n          <\/div>\n          <div class=\"post_data\">\n            <div class=\"post_data_inner\">\n              <div class=\"post_header entry-header\">\n                <h2 class=\"woocommerce-loop-product__title\">\n                  <a href=\"\/it\/color\/\">COMPENSATO DI BETULLA - COLORE<\/a>\n                <\/h2>\n              <\/div>\n            <\/div>\n          <\/div>\n        <\/div>\n      <\/li>\n\n      <!-- <li class=\"product type-product post-2340 status-publish first instock product_cat-samples product_cat-wood product_tag-decor product_tag-design product_tag-home has-post-thumbnail shipping-taxable purchasable product-type-simple wishlist_decorated\">\n        <div class=\"post_item post_layout_thumbs\">\n          <div class=\"post_featured hover_shop\">\n            <a href=\"\/primer\">\n              <img loading=\"lazy\" loading=\"lazy\" width=\"630\" height=\"630\" src=\"https:\/\/holzply.com\/wp-content\/uploads\/2024\/04\/Primer-e1711972048965.jpg\" class=\"attachment-woocommerce_thumbnail size-woocommerce_thumbnail\" alt=\"\" decoding=\"async\" >\n            <\/a>\n            <div class=\"mask\"><\/div>\n          <\/div>\n          <div class=\"post_data\">\n            <div class=\"post_data_inner\">\n              <div class=\"post_header entry-header\">\n                <h2 class=\"woocommerce-loop-product__title\">\n                  <a href=\"\/primer\">Birch plywood - Primer<\/a>\n                <\/h2>\n              <\/div>\n            <\/div>\n          <\/div>\n        <\/div>\n      <\/li> -->\n\n      <li class=\"product type-product post-2345 status-publish last instock product_cat-samples product_cat-wood product_tag-decor product_tag-design product_tag-home has-post-thumbnail shipping-taxable purchasable product-type-simple wishlist_decorated\">\n        <div class=\"post_item post_layout_thumbs\">\n          <div class=\"post_featured hover_shop\">\n            <a href=\"\/it\/film-faced\/\">\n              <img loading=\"lazy\" width=\"630\" height=\"630\" src=\"https:\/\/holzply.com\/wp-content\/uploads\/2024\/04\/Film-Faced-scaled-e1711971892190.jpg\" class=\"attachment-woocommerce_thumbnail size-woocommerce_thumbnail\" alt=\"\" decoding=\"async\">\n            <\/a>\n            <div class=\"mask\"><\/div>\n          <\/div>\n          <div class=\"post_data\">\n            <div class=\"post_data_inner\">\n              <div class=\"post_header entry-header\">\n                <h2 class=\"woocommerce-loop-product__title\">\n                  <a href=\"\/it\/film-faced\/\">COMPENSATO DI BETULLA - RIVESTITO CON FILM<\/a>\n                <\/h2>\n              <\/div>\n            <\/div>\n          <\/div>\n        <\/div>\n      <\/li>\n\n      <!-- <li class=\"product type-product post-27614 status-publish last instock product_cat-decor product_cat-samples product_tag-floor product_tag-house product_tag-item product_tag-repair has-post-thumbnail shipping-taxable purchasable product-type-variable wishlist_decorated\">\n        <div class=\"post_item post_layout_thumbs\">\n          <div class=\"post_featured hover_shop\">\n            <a href=\"\/parquet\">\n              <img loading=\"lazy\" loading=\"lazy\" width=\"630\" height=\"630\" src=\"https:\/\/holzply.com\/wp-content\/uploads\/2024\/04\/Parquet-Standard-1-e1711975513218.jpg\" class=\"attachment-woocommerce_thumbnail size-woocommerce_thumbnail\" alt=\"\" decoding=\"async\">\n            <\/a>\n            <div class=\"mask\"><\/div>\n          <\/div>\n          <div class=\"post_data\">\n            <div class=\"post_data_inner\">\n              <div class=\"post_header entry-header\">\n                <h2 class=\"woocommerce-loop-product__title\">\n                  <a href=\"\/parquet\">Birch plywood - Parquet<\/a>\n                <\/h2>\n              <\/div>\n            <\/div>\n          <\/div>\n        <\/div>\n      <\/li>\n    <\/ul> -->\n  <\/section>\n  \n  <\/div>\t\t\t\t<\/div>\n\t\t\t\t<\/div>\n\t\t\t\t\t<\/div>\n\t\t<\/div>\n\t\t\t\t\t<\/div>\n\t\t<\/section>\n\t\t\t\t<\/div>","protected":false},"excerpt":{"rendered":"<p>Birch Plywood &#8211; Parquet Birch Parquet plywood upholds exacting thickness tolerances crucial for parquet production. Its enhanced water resistance, attributed to phenol-formaldehyde resin adhesive, ensures both durability and dimensional stability.&hellip;<\/p>","protected":false},"author":1,"featured_media":0,"parent":0,"menu_order":0,"comment_status":"closed","ping_status":"closed","template":"elementor_header_footer","meta":{"content-type":"","footnotes":""},"yoast_head":"<!-- This site is optimized with the Yoast SEO plugin v23.0 - https:\/\/yoast.com\/wordpress\/plugins\/seo\/ -->\n<title>Birch Plywood - Parquet - Holzply<\/title>\n<meta name=\"robots\" content=\"index, follow, max-snippet:-1, max-image-preview:large, max-video-preview:-1\" \/>\n<link rel=\"canonical\" href=\"https:\/\/holzply.com\/it\/parquet\/\" \/>\n<meta property=\"og:locale\" content=\"it_IT\" \/>\n<meta property=\"og:type\" content=\"article\" \/>\n<meta property=\"og:title\" content=\"Birch Plywood - Parquet - Holzply\" \/>\n<meta property=\"og:description\" content=\"Birch Plywood &#8211; Parquet Birch Parquet plywood upholds exacting thickness tolerances crucial for parquet production. Its enhanced water resistance, attributed to phenol-formaldehyde resin adhesive, ensures both durability and dimensional stability.&hellip;\" \/>\n<meta property=\"og:url\" content=\"https:\/\/holzply.com\/it\/parquet\/\" \/>\n<meta property=\"og:site_name\" content=\"Holzply\" \/>\n<meta property=\"article:modified_time\" content=\"2024-04-14T12:52:51+00:00\" \/>\n<meta property=\"og:image\" content=\"https:\/\/holzply.com\/wp-content\/uploads\/2024\/04\/Parquet-Standard-1-e1711975513218-1024x1024.jpg\" \/>\n<meta name=\"twitter:card\" content=\"summary_large_image\" \/>\n<meta name=\"twitter:label1\" content=\"Tempo di lettura stimato\" \/>\n\t<meta name=\"twitter:data1\" content=\"2 minuti\" \/>\n<script type=\"application\/ld+json\" class=\"yoast-schema-graph\">{\"@context\":\"https:\/\/schema.org\",\"@graph\":[{\"@type\":\"WebPage\",\"@id\":\"https:\/\/holzply.com\/parquet\/\",\"url\":\"https:\/\/holzply.com\/parquet\/\",\"name\":\"Birch Plywood - Parquet - Holzply\",\"isPartOf\":{\"@id\":\"https:\/\/holzply.com\/#website\"},\"primaryImageOfPage\":{\"@id\":\"https:\/\/holzply.com\/parquet\/#primaryimage\"},\"image\":{\"@id\":\"https:\/\/holzply.com\/parquet\/#primaryimage\"},\"thumbnailUrl\":\"https:\/\/holzply.com\/wp-content\/uploads\/2024\/04\/Parquet-Standard-1-e1711975513218-1024x1024.jpg\",\"datePublished\":\"2024-04-01T12:44:01+00:00\",\"dateModified\":\"2024-04-14T12:52:51+00:00\",\"breadcrumb\":{\"@id\":\"https:\/\/holzply.com\/parquet\/#breadcrumb\"},\"inLanguage\":\"it-IT\",\"potentialAction\":[{\"@type\":\"ReadAction\",\"target\":[\"https:\/\/holzply.com\/parquet\/\"]}]},{\"@type\":\"ImageObject\",\"inLanguage\":\"it-IT\",\"@id\":\"https:\/\/holzply.com\/parquet\/#primaryimage\",\"url\":\"https:\/\/holzply.com\/wp-content\/uploads\/2024\/04\/Parquet-Standard-1-e1711975513218-1024x1024.jpg\",\"contentUrl\":\"https:\/\/holzply.com\/wp-content\/uploads\/2024\/04\/Parquet-Standard-1-e1711975513218-1024x1024.jpg\"},{\"@type\":\"BreadcrumbList\",\"@id\":\"https:\/\/holzply.com\/parquet\/#breadcrumb\",\"itemListElement\":[{\"@type\":\"ListItem\",\"position\":1,\"name\":\"Home\",\"item\":\"https:\/\/holzply.com\/\"},{\"@type\":\"ListItem\",\"position\":2,\"name\":\"Birch Plywood &#8211; Parquet\"}]},{\"@type\":\"WebSite\",\"@id\":\"https:\/\/holzply.com\/#website\",\"url\":\"https:\/\/holzply.com\/\",\"name\":\"Holzply\",\"description\":\"Nature\u2019s Elegance\",\"publisher\":{\"@id\":\"https:\/\/holzply.com\/#organization\"},\"potentialAction\":[{\"@type\":\"SearchAction\",\"target\":{\"@type\":\"EntryPoint\",\"urlTemplate\":\"https:\/\/holzply.com\/?s={search_term_string}\"},\"query-input\":\"required name=search_term_string\"}],\"inLanguage\":\"it-IT\"},{\"@type\":\"Organization\",\"@id\":\"https:\/\/holzply.com\/#organization\",\"name\":\"Holzply\",\"url\":\"https:\/\/holzply.com\/\",\"logo\":{\"@type\":\"ImageObject\",\"inLanguage\":\"it-IT\",\"@id\":\"https:\/\/holzply.com\/#\/schema\/logo\/image\/\",\"url\":\"https:\/\/holzply.com\/wp-content\/uploads\/2024\/04\/cropped-HolzPly-logo-3-1.png\",\"contentUrl\":\"https:\/\/holzply.com\/wp-content\/uploads\/2024\/04\/cropped-HolzPly-logo-3-1.png\",\"width\":512,\"height\":512,\"caption\":\"Holzply\"},\"image\":{\"@id\":\"https:\/\/holzply.com\/#\/schema\/logo\/image\/\"}}]}<\/script>\n<!-- \/ Yoast SEO plugin. -->","yoast_head_json":{"title":"Birch Plywood - Parquet - Holzply","robots":{"index":"index","follow":"follow","max-snippet":"max-snippet:-1","max-image-preview":"max-image-preview:large","max-video-preview":"max-video-preview:-1"},"canonical":"https:\/\/holzply.com\/it\/parquet\/","og_locale":"it_IT","og_type":"article","og_title":"Birch Plywood - Parquet - Holzply","og_description":"Birch Plywood &#8211; Parquet Birch Parquet plywood upholds exacting thickness tolerances crucial for parquet production. Its enhanced water resistance, attributed to phenol-formaldehyde resin adhesive, ensures both durability and dimensional stability.&hellip;","og_url":"https:\/\/holzply.com\/it\/parquet\/","og_site_name":"Holzply","article_modified_time":"2024-04-14T12:52:51+00:00","og_image":[{"url":"https:\/\/holzply.com\/wp-content\/uploads\/2024\/04\/Parquet-Standard-1-e1711975513218-1024x1024.jpg"}],"twitter_card":"summary_large_image","twitter_misc":{"Tempo di lettura stimato":"2 minuti"},"schema":{"@context":"https:\/\/schema.org","@graph":[{"@type":"WebPage","@id":"https:\/\/holzply.com\/parquet\/","url":"https:\/\/holzply.com\/parquet\/","name":"Birch Plywood - Parquet - Holzply","isPartOf":{"@id":"https:\/\/holzply.com\/#website"},"primaryImageOfPage":{"@id":"https:\/\/holzply.com\/parquet\/#primaryimage"},"image":{"@id":"https:\/\/holzply.com\/parquet\/#primaryimage"},"thumbnailUrl":"https:\/\/holzply.com\/wp-content\/uploads\/2024\/04\/Parquet-Standard-1-e1711975513218-1024x1024.jpg","datePublished":"2024-04-01T12:44:01+00:00","dateModified":"2024-04-14T12:52:51+00:00","breadcrumb":{"@id":"https:\/\/holzply.com\/parquet\/#breadcrumb"},"inLanguage":"it-IT","potentialAction":[{"@type":"ReadAction","target":["https:\/\/holzply.com\/parquet\/"]}]},{"@type":"ImageObject","inLanguage":"it-IT","@id":"https:\/\/holzply.com\/parquet\/#primaryimage","url":"https:\/\/holzply.com\/wp-content\/uploads\/2024\/04\/Parquet-Standard-1-e1711975513218-1024x1024.jpg","contentUrl":"https:\/\/holzply.com\/wp-content\/uploads\/2024\/04\/Parquet-Standard-1-e1711975513218-1024x1024.jpg"},{"@type":"BreadcrumbList","@id":"https:\/\/holzply.com\/parquet\/#breadcrumb","itemListElement":[{"@type":"ListItem","position":1,"name":"Home","item":"https:\/\/holzply.com\/"},{"@type":"ListItem","position":2,"name":"Birch Plywood &#8211; Parquet"}]},{"@type":"WebSite","@id":"https:\/\/holzply.com\/#website","url":"https:\/\/holzply.com\/","name":"Holzply","description":"Nature\u2019s Elegance","publisher":{"@id":"https:\/\/holzply.com\/#organization"},"potentialAction":[{"@type":"SearchAction","target":{"@type":"EntryPoint","urlTemplate":"https:\/\/holzply.com\/?s={search_term_string}"},"query-input":"required name=search_term_string"}],"inLanguage":"it-IT"},{"@type":"Organization","@id":"https:\/\/holzply.com\/#organization","name":"Holzply","url":"https:\/\/holzply.com\/","logo":{"@type":"ImageObject","inLanguage":"it-IT","@id":"https:\/\/holzply.com\/#\/schema\/logo\/image\/","url":"https:\/\/holzply.com\/wp-content\/uploads\/2024\/04\/cropped-HolzPly-logo-3-1.png","contentUrl":"https:\/\/holzply.com\/wp-content\/uploads\/2024\/04\/cropped-HolzPly-logo-3-1.png","width":512,"height":512,"caption":"Holzply"},"image":{"@id":"https:\/\/holzply.com\/#\/schema\/logo\/image\/"}}]}},"_links":{"self":[{"href":"https:\/\/holzply.com\/it\/wp-json\/wp\/v2\/pages\/35216"}],"collection":[{"href":"https:\/\/holzply.com\/it\/wp-json\/wp\/v2\/pages"}],"about":[{"href":"https:\/\/holzply.com\/it\/wp-json\/wp\/v2\/types\/page"}],"author":[{"embeddable":true,"href":"https:\/\/holzply.com\/it\/wp-json\/wp\/v2\/users\/1"}],"replies":[{"embeddable":true,"href":"https:\/\/holzply.com\/it\/wp-json\/wp\/v2\/comments?post=35216"}],"version-history":[{"count":43,"href":"https:\/\/holzply.com\/it\/wp-json\/wp\/v2\/pages\/35216\/revisions"}],"predecessor-version":[{"id":35538,"href":"https:\/\/holzply.com\/it\/wp-json\/wp\/v2\/pages\/35216\/revisions\/35538"}],"wp:attachment":[{"href":"https:\/\/holzply.com\/it\/wp-json\/wp\/v2\/media?parent=35216"}],"curies":[{"name":"wp","href":"https:\/\/api.w.org\/{rel}","templated":true}]}}