{"id":29509,"date":"2023-03-07T13:55:23","date_gmt":"2023-03-07T13:55:23","guid":{"rendered":"https:\/\/holzply.com\/?page_id=29509"},"modified":"2024-04-14T14:14:54","modified_gmt":"2024-04-14T13:14:54","slug":"about-us","status":"publish","type":"page","link":"https:\/\/holzply.com\/it\/about-us\/","title":{"rendered":"Chi siamo"},"content":{"rendered":"<div data-elementor-type=\"wp-page\" data-elementor-id=\"29509\" class=\"elementor elementor-29509\">\n\t\t\t\t\t\t<section class=\"elementor-section elementor-top-section elementor-element elementor-element-1c581116 elementor-section-boxed elementor-section-height-default elementor-section-height-default sc_fly_static\" data-id=\"1c581116\" data-element_type=\"section\">\n\t\t\t\t\t\t<div class=\"elementor-container elementor-column-gap-extended\">\n\t\t\t\t\t<div class=\"elementor-column elementor-col-100 elementor-top-column elementor-element elementor-element-4431957e sc_layouts_column_align_center sc_layouts_column sc_inner_width_none sc_content_align_inherit sc_layouts_column_icons_position_left sc_fly_static\" data-id=\"4431957e\" data-element_type=\"column\">\n\t\t\t<div class=\"elementor-widget-wrap elementor-element-populated\">\n\t\t\t\t\t\t<div class=\"elementor-element elementor-element-38d3419 sc_height_small sc_fly_static elementor-widget elementor-widget-spacer\" data-id=\"38d3419\" data-element_type=\"widget\" data-widget_type=\"spacer.default\">\n\t\t\t\t<div class=\"elementor-widget-container\">\n\t\t\t\t\t\t\t<div class=\"elementor-spacer\">\n\t\t\t<div class=\"elementor-spacer-inner\"><\/div>\n\t\t<\/div>\n\t\t\t\t\t\t<\/div>\n\t\t\t\t<\/div>\n\t\t\t\t<div class=\"elementor-element elementor-element-59e0d8c2 sc_height_huge sc_fly_static elementor-widget elementor-widget-spacer\" data-id=\"59e0d8c2\" data-element_type=\"widget\" data-widget_type=\"spacer.default\">\n\t\t\t\t<div class=\"elementor-widget-container\">\n\t\t\t\t\t\t\t<div class=\"elementor-spacer\">\n\t\t\t<div class=\"elementor-spacer-inner\"><\/div>\n\t\t<\/div>\n\t\t\t\t\t\t<\/div>\n\t\t\t\t<\/div>\n\t\t\t\t\t<\/div>\n\t\t<\/div>\n\t\t\t\t\t<\/div>\n\t\t<\/section>\n\t\t\t\t<section class=\"elementor-section-with-custom-width elementor-section elementor-top-section elementor-element elementor-element-a92142b elementor-section-content-middle elementor-section-boxed elementor-section-height-default elementor-section-height-default sc_fly_static\" data-id=\"a92142b\" data-element_type=\"section\">\n\t\t\t\t\t\t<div class=\"elementor-container elementor-column-gap-extended\">\n\t\t\t\t\t<div class=\"elementor-column elementor-col-50 elementor-top-column elementor-element elementor-element-b7aa7d2 sc_inner_width_none sc_content_align_inherit sc_layouts_column_icons_position_left sc_fly_static\" data-id=\"b7aa7d2\" data-element_type=\"column\">\n\t\t\t<div class=\"elementor-widget-wrap elementor-element-populated\">\n\t\t\t\t\t\t<section class=\"elementor-section elementor-inner-section elementor-element elementor-element-0123423 elementor-section-content-bottom elementor-section-boxed elementor-section-height-default elementor-section-height-default sc_fly_static\" data-id=\"0123423\" data-element_type=\"section\">\n\t\t\t\t\t\t<div class=\"elementor-container elementor-column-gap-no\">\n\t\t\t\t\t<div class=\"elementor-column elementor-col-100 elementor-inner-column elementor-element elementor-element-276be52 sc_inner_width_none sc_content_align_inherit sc_layouts_column_icons_position_left sc_fly_static\" data-id=\"276be52\" data-element_type=\"column\">\n\t\t\t<div class=\"elementor-widget-wrap elementor-element-populated\">\n\t\t\t\t\t\t<div class=\"elementor-element elementor-element-95e7776 elementor-widget__width-auto no-title animation_type_block sc_fly_static elementor-invisible elementor-widget elementor-widget-image\" data-id=\"95e7776\" data-element_type=\"widget\" data-settings=\"{&quot;_animation&quot;:&quot;fortunio-fadeinup&quot;}\" data-widget_type=\"image.default\">\n\t\t\t\t<div class=\"elementor-widget-container\">\n\t\t\t\t\t\t\t\t\t\t\t\t<figure class=\"wp-caption\">\n\t\t\t\t\t\t\t\t\t\t<img decoding=\"async\" src=\"https:\/\/holzply.com\/wp-content\/uploads\/elementor\/thumbs\/h1b3i-ql9n7zufswh67x37pny9grpahsyrm07vm0ubqmi8t0.jpg\" title=\"h1b3i\" alt=\"h1b3i\" loading=\"lazy\" \/>\t\t\t\t\t\t\t\t\t\t\t<figcaption class=\"widget-image-caption wp-caption-text\"><\/figcaption>\n\t\t\t\t\t\t\t\t\t\t<\/figure>\n\t\t\t\t\t\t\t\t\t<\/div>\n\t\t\t\t<\/div>\n\t\t\t\t\t<\/div>\n\t\t<\/div>\n\t\t\t\t\t<\/div>\n\t\t<\/section>\n\t\t\t\t\t<\/div>\n\t\t<\/div>\n\t\t\t\t<div class=\"elementor-column elementor-col-50 elementor-top-column elementor-element elementor-element-5bafb6f sc_inner_width_none sc_content_align_inherit sc_layouts_column_icons_position_left sc_fly_static\" data-id=\"5bafb6f\" data-element_type=\"column\">\n\t\t\t<div class=\"elementor-widget-wrap elementor-element-populated\">\n\t\t\t\t\t\t<div class=\"elementor-element elementor-element-eb66dc0 sc_fly_static elementor-widget elementor-widget-trx_sc_title\" data-id=\"eb66dc0\" data-element_type=\"widget\" data-widget_type=\"trx_sc_title.default\">\n\t\t\t\t<div class=\"elementor-widget-container\">\n\t\t\t\t\t<div\t\tclass=\"sc_title sc_title_default\" ><span class=\"sc_item_subtitle sc_title_subtitle sc_item_subtitle_above sc_item_title_style_default\">cosa facciamo<\/span><div class=\"sc_item_descr sc_title_descr\"><p>HolzPly \u00e8 un'azienda di distribuzione commerciale specializzata nell'importazione, esportazione e distribuzione di compensato di betulla di alto livello.<\/p>\n<p>Fondata da un gruppo di professionisti con un'esperienza cumulativa di oltre 32 anni nel settore dei prodotti a base di legno e dell'edilizia, il nostro obiettivo \u00e8 quello di fornire prodotti di altissima qualit\u00e0, senza tagliare gli angoli in termini di efficienza, assicurando consegne rapide e fornendo un'assistenza clienti senza pari.<\/p>\n<p>Il nostro ufficio operativo, situato a Zug, in Svizzera, supervisiona tutta la logistica, coordinando l'importazione, l'esportazione e la distribuzione tra i nostri partner fornitori e i magazzini in Slovenia, Croazia e Romania, mentre il nostro ufficio vendite centrale a Lubiana, in Slovenia, funge da punto di interazione principale con i clienti in tutta Europa e nel mondo.<\/p>\n<p>La nostra politica commerciale ufficiale \u00e8 incredibilmente chiara: offrire ai nostri clienti una gamma diversificata di compensato di betulla di alta qualit\u00e0 e un'esperienza cliente senza pari, il tutto a prezzi convenienti. Il nostro obiettivo \u00e8 quello di soddisfare le vostre esigenze in modo cos\u00ec completo che non troverete mai un motivo per cercare un altro fornitore.<\/p>\n<\/div><\/div>\t\t\t\t<\/div>\n\t\t\t\t<\/div>\n\t\t\t\t<div class=\"elementor-element elementor-element-77a9cd8 sc_fly_static elementor-widget elementor-widget-spacer\" data-id=\"77a9cd8\" data-element_type=\"widget\" data-widget_type=\"spacer.default\">\n\t\t\t\t<div class=\"elementor-widget-container\">\n\t\t\t\t\t\t\t<div class=\"elementor-spacer\">\n\t\t\t<div class=\"elementor-spacer-inner\"><\/div>\n\t\t<\/div>\n\t\t\t\t\t\t<\/div>\n\t\t\t\t<\/div>\n\t\t\t\t\t<\/div>\n\t\t<\/div>\n\t\t\t\t\t<\/div>\n\t\t<\/section>\n\t\t\t\t<section class=\"elementor-section elementor-top-section elementor-element elementor-element-eba5b1a elementor-section-boxed elementor-section-height-default elementor-section-height-default sc_fly_static\" data-id=\"eba5b1a\" data-element_type=\"section\">\n\t\t\t\t\t\t<div class=\"elementor-container elementor-column-gap-extended\">\n\t\t\t\t\t<div class=\"elementor-column elementor-col-100 elementor-top-column elementor-element elementor-element-9ec106e sc_inner_width_none sc_content_align_inherit sc_layouts_column_icons_position_left sc_fly_static\" data-id=\"9ec106e\" data-element_type=\"column\">\n\t\t\t<div class=\"elementor-widget-wrap elementor-element-populated\">\n\t\t\t\t\t\t<section class=\"elementor-section elementor-inner-section elementor-element elementor-element-e164789 elementor-section-boxed elementor-section-height-default elementor-section-height-default sc_fly_static\" data-id=\"e164789\" data-element_type=\"section\">\n\t\t\t\t\t\t<div class=\"elementor-container elementor-column-gap-no\">\n\t\t\t\t\t<div class=\"elementor-column elementor-col-100 elementor-inner-column elementor-element elementor-element-b4b13c9 sc_inner_width_none sc_content_align_inherit sc_layouts_column_icons_position_left sc_fly_static\" data-id=\"b4b13c9\" data-element_type=\"column\">\n\t\t\t<div class=\"elementor-widget-wrap elementor-element-populated\">\n\t\t\t\t\t\t<div class=\"elementor-element elementor-element-9151fa9 sc_fly_static elementor-widget elementor-widget-trx_sc_skills\" data-id=\"9151fa9\" data-element_type=\"widget\" data-widget_type=\"trx_sc_skills.default\">\n\t\t\t\t<div class=\"elementor-widget-container\">\n\t\t\t\t\t<div\t\tclass=\"sc_skills sc_skills_counter_modern sc_skills_counter_style_counter\"\n\t\t\t\tdata-type=\"counter\" ><div class=\"sc_skills_columns sc_item_columns trx_addons_columns_wrap columns_padding_bottom columns_in_single_row\"><div class=\"sc_skills_column trx_addons_column-1_4 trx_addons_column-1_2-mobile\"><div class=\"sc_skills_item_wrap sc_skills_item_icon_position_top\"><div class=\"sc_skills_item\"><div class=\"sc_skills_total\" data-start=\"0\" data-stop=\"3\" data-step=\"0.03\" data-max=\"200\" data-speed=\"15\" data-duration=\"1500\" data-ed=\"\" data-style=\"counter\">0<\/div><\/div><div class=\"sc_skills_item_title\">Magazzini nell'UE<\/div><\/div><\/div><div class=\"sc_skills_column trx_addons_column-1_4 trx_addons_column-1_2-mobile\"><div class=\"sc_skills_item_wrap sc_skills_item_icon_position_top\"><div class=\"sc_skills_item\"><div class=\"sc_skills_total\" data-start=\"0\" data-stop=\"7\" data-step=\"0.07\" data-max=\"200\" data-speed=\"15\" data-duration=\"1500\" data-ed=\"\" data-style=\"counter\">0<\/div><\/div><div class=\"sc_skills_item_title\">Lingue parlate dai nostri venditori<\/div><\/div><\/div><div class=\"sc_skills_column trx_addons_column-1_4 trx_addons_column-1_2-mobile\"><div class=\"sc_skills_item_wrap sc_skills_item_icon_position_top\"><div class=\"sc_skills_item\"><div class=\"sc_skills_total\" data-start=\"0\" data-stop=\"11\" data-step=\"0.11\" data-max=\"200\" data-speed=\"15\" data-duration=\"1500\" data-ed=\"\" data-style=\"counter\">0<\/div><\/div><div class=\"sc_skills_item_title\">Fornitori chiave<\/div><\/div><\/div><div class=\"sc_skills_column trx_addons_column-1_4 trx_addons_column-1_2-mobile\"><div class=\"sc_skills_item_wrap sc_skills_item_icon_position_top\"><div class=\"sc_skills_item\"><div class=\"sc_skills_total\" data-start=\"0\" data-stop=\"24\" data-step=\"0.24\" data-max=\"200\" data-speed=\"15\" data-duration=\"1500\" data-ed=\"\" data-style=\"counter\">0<\/div><\/div><div class=\"sc_skills_item_title\">Paesi in cui operiamo<\/div><\/div><\/div><\/div><\/div>\t\t\t\t<\/div>\n\t\t\t\t<\/div>\n\t\t\t\t<div class=\"elementor-element elementor-element-61cf33b sc_height_huge sc_fly_static elementor-widget elementor-widget-spacer\" data-id=\"61cf33b\" data-element_type=\"widget\" data-widget_type=\"spacer.default\">\n\t\t\t\t<div class=\"elementor-widget-container\">\n\t\t\t\t\t\t\t<div class=\"elementor-spacer\">\n\t\t\t<div class=\"elementor-spacer-inner\"><\/div>\n\t\t<\/div>\n\t\t\t\t\t\t<\/div>\n\t\t\t\t<\/div>\n\t\t\t\t\t<\/div>\n\t\t<\/div>\n\t\t\t\t\t<\/div>\n\t\t<\/section>\n\t\t\t\t\t<\/div>\n\t\t<\/div>\n\t\t\t\t\t<\/div>\n\t\t<\/section>\n\t\t\t\t<section class=\"elementor-section elementor-top-section elementor-element elementor-element-f763510 elementor-section-content-middle elementor-section-boxed elementor-section-height-default elementor-section-height-default sc_fly_static\" data-id=\"f763510\" data-element_type=\"section\">\n\t\t\t\t\t\t<div class=\"elementor-container elementor-column-gap-extended\">\n\t\t\t\t\t<div class=\"elementor-column elementor-col-50 elementor-top-column elementor-element elementor-element-6a0649f sc_inner_width_none sc_content_align_inherit sc_layouts_column_icons_position_left sc_fly_static\" data-id=\"6a0649f\" data-element_type=\"column\">\n\t\t\t<div class=\"elementor-widget-wrap elementor-element-populated\">\n\t\t\t\t\t\t<section class=\"elementor-section elementor-inner-section elementor-element elementor-element-8555503 elementor-section-content-bottom elementor-section-boxed elementor-section-height-default elementor-section-height-default sc_fly_static\" data-id=\"8555503\" data-element_type=\"section\">\n\t\t\t\t\t\t<div class=\"elementor-container elementor-column-gap-no\">\n\t\t\t\t\t<div class=\"elementor-column elementor-col-100 elementor-inner-column elementor-element elementor-element-55e6397 sc_inner_width_none sc_content_align_inherit sc_layouts_column_icons_position_left sc_fly_static\" data-id=\"55e6397\" data-element_type=\"column\">\n\t\t\t<div class=\"elementor-widget-wrap elementor-element-populated\">\n\t\t\t\t\t\t<div class=\"elementor-element elementor-element-5156150 elementor-widget__width-auto no-title animation_type_block sc_fly_static elementor-invisible elementor-widget elementor-widget-image\" data-id=\"5156150\" data-element_type=\"widget\" data-settings=\"{&quot;_animation&quot;:&quot;fortunio-fadeinup&quot;}\" data-widget_type=\"image.default\">\n\t\t\t\t<div class=\"elementor-widget-container\">\n\t\t\t\t\t\t\t\t\t\t\t\t<figure class=\"wp-caption\">\n\t\t\t\t\t\t\t\t\t\t<img decoding=\"async\" src=\"https:\/\/holzply.com\/wp-content\/uploads\/elementor\/thumbs\/Dolje-slika-scaled-qlepuy2vcf37lsltm82d63q6zfvaqzbgl0bttzrevo.jpg\" title=\"Dolje slika\" alt=\"775254148\" loading=\"lazy\" \/>\t\t\t\t\t\t\t\t\t\t\t<figcaption class=\"widget-image-caption wp-caption-text\"><\/figcaption>\n\t\t\t\t\t\t\t\t\t\t<\/figure>\n\t\t\t\t\t\t\t\t\t<\/div>\n\t\t\t\t<\/div>\n\t\t\t\t\t<\/div>\n\t\t<\/div>\n\t\t\t\t\t<\/div>\n\t\t<\/section>\n\t\t\t\t\t<\/div>\n\t\t<\/div>\n\t\t\t\t<div class=\"elementor-column elementor-col-50 elementor-top-column elementor-element elementor-element-164c4f9 sc_inner_width_none sc_content_align_inherit sc_layouts_column_icons_position_left sc_fly_static\" data-id=\"164c4f9\" data-element_type=\"column\">\n\t\t\t<div class=\"elementor-widget-wrap elementor-element-populated\">\n\t\t\t\t\t\t<div class=\"elementor-element elementor-element-482195a sc_fly_static elementor-widget elementor-widget-trx_sc_title\" data-id=\"482195a\" data-element_type=\"widget\" data-widget_type=\"trx_sc_title.default\">\n\t\t\t\t<div class=\"elementor-widget-container\">\n\t\t\t\t\t<div\t\tclass=\"sc_title sc_title_default\" ><span class=\"sc_item_subtitle sc_title_subtitle sc_item_subtitle_above sc_item_title_style_default\">Perch\u00e9 lavorare con noi?<\/span><div class=\"sc_item_descr sc_title_descr\"><p>Ci sono pi\u00f9 ragioni di quante ne possiamo inserire in questa pagina, ma ne condividiamo tre principali:<br \/>\n- Ci riforniamo e forniamo esclusivamente prodotti di altissima qualit\u00e0 sul mercato. Non facciamo eccezioni a questo standard; se non possiamo ottenere prodotti di altissima qualit\u00e0 per i nostri clienti, non abbiamo interesse ad acquistare o vendere alternative a basso costo.<br \/>\n- Il nostro team di assistenza clienti non \u00e8 secondo a nessuno. I nostri rappresentanti della chat dal vivo risponderanno a tutte le vostre domande e a tutti i vostri dubbi in pochi minuti, mentre garantiamo la risposta alle e-mail entro un giorno lavorativo (di solito rispondiamo entro un'ora).<br \/>\n- Abbiamo un team interno che copre ogni aspetto della nostra attivit\u00e0, dall'approvvigionamento, alla logistica e alle vendite, fino all'assistenza clienti, alla contabilit\u00e0 e al magazzino. Questo approccio integrato ci permette di avere il pieno controllo su tutta la nostra catena di fornitura, garantendo efficienza ed eccellenza in ogni aspetto delle nostre operazioni e rendendoci meno suscettibili agli sconvolgimenti del mercato.<br \/>\nSebbene la gamma di motivi convincenti per collaborare con noi vada ben oltre questi tre, diamo priorit\u00e0 alla dimostrazione dell'esperienza professionale e senza soluzione di continuit\u00e0 che vivrete collaborando con il nostro team, piuttosto che limitarci a elencare i vantaggi.<\/p>\n<\/div><\/div>\t\t\t\t<\/div>\n\t\t\t\t<\/div>\n\t\t\t\t<div class=\"elementor-element elementor-element-cea3e12 sc_fly_static elementor-widget elementor-widget-spacer\" data-id=\"cea3e12\" data-element_type=\"widget\" data-widget_type=\"spacer.default\">\n\t\t\t\t<div class=\"elementor-widget-container\">\n\t\t\t\t\t\t\t<div class=\"elementor-spacer\">\n\t\t\t<div class=\"elementor-spacer-inner\"><\/div>\n\t\t<\/div>\n\t\t\t\t\t\t<\/div>\n\t\t\t\t<\/div>\n\t\t\t\t\t<\/div>\n\t\t<\/div>\n\t\t\t\t\t<\/div>\n\t\t<\/section>\n\t\t\t\t<section class=\"elementor-section elementor-top-section elementor-element elementor-element-3c19a01 elementor-section-boxed elementor-section-height-default elementor-section-height-default sc_fly_static\" data-id=\"3c19a01\" data-element_type=\"section\">\n\t\t\t\t\t\t<div class=\"elementor-container elementor-column-gap-extended\">\n\t\t\t\t\t<div class=\"elementor-column elementor-col-100 elementor-top-column elementor-element elementor-element-00f8d9f sc_inner_width_none sc_content_align_inherit sc_layouts_column_icons_position_left sc_fly_static\" data-id=\"00f8d9f\" data-element_type=\"column\">\n\t\t\t<div class=\"elementor-widget-wrap elementor-element-populated\">\n\t\t\t\t\t\t<div class=\"elementor-element elementor-element-da2514d sc_height_huge sc_fly_static elementor-widget elementor-widget-spacer\" data-id=\"da2514d\" data-element_type=\"widget\" data-widget_type=\"spacer.default\">\n\t\t\t\t<div class=\"elementor-widget-container\">\n\t\t\t\t\t\t\t<div class=\"elementor-spacer\">\n\t\t\t<div class=\"elementor-spacer-inner\"><\/div>\n\t\t<\/div>\n\t\t\t\t\t\t<\/div>\n\t\t\t\t<\/div>\n\t\t\t\t\t<\/div>\n\t\t<\/div>\n\t\t\t\t\t<\/div>\n\t\t<\/section>\n\t\t\t\t<\/div>","protected":false},"excerpt":{"rendered":"<p>what we do HolzPly is a trade distribution company specializing in the import, export, and distribution of top-tier birch plywood. Founded by a group of professionals with cumulative experience surpassing&hellip;<\/p>","protected":false},"author":1,"featured_media":0,"parent":0,"menu_order":0,"comment_status":"closed","ping_status":"closed","template":"","meta":{"content-type":"","footnotes":""},"yoast_head":"<!-- This site is optimized with the Yoast SEO plugin v23.0 - https:\/\/yoast.com\/wordpress\/plugins\/seo\/ -->\n<title>About Us - Holzply<\/title>\n<meta name=\"robots\" content=\"index, follow, max-snippet:-1, max-image-preview:large, max-video-preview:-1\" \/>\n<link rel=\"canonical\" href=\"https:\/\/holzply.com\/it\/about-us\/\" \/>\n<meta property=\"og:locale\" content=\"it_IT\" \/>\n<meta property=\"og:type\" content=\"article\" \/>\n<meta property=\"og:title\" content=\"About Us - Holzply\" \/>\n<meta property=\"og:description\" content=\"what we do HolzPly is a trade distribution company specializing in the import, export, and distribution of top-tier birch plywood. Founded by a group of professionals with cumulative experience surpassing&hellip;\" \/>\n<meta property=\"og:url\" content=\"https:\/\/holzply.com\/it\/about-us\/\" \/>\n<meta property=\"og:site_name\" content=\"Holzply\" \/>\n<meta property=\"article:modified_time\" content=\"2024-04-14T13:14:54+00:00\" \/>\n<meta property=\"og:image\" content=\"https:\/\/holzply.com\/wp-content\/uploads\/elementor\/thumbs\/h1b3i-ql9n7zufswh67x37pny9grpahsyrm07vm0ubi0wpa8.jpg\" \/>\n<meta name=\"twitter:card\" content=\"summary_large_image\" \/>\n<meta name=\"twitter:label1\" content=\"Tempo di lettura stimato\" \/>\n\t<meta name=\"twitter:data1\" content=\"2 minuti\" \/>\n<script type=\"application\/ld+json\" class=\"yoast-schema-graph\">{\"@context\":\"https:\/\/schema.org\",\"@graph\":[{\"@type\":\"WebPage\",\"@id\":\"https:\/\/holzply.com\/about-us\/\",\"url\":\"https:\/\/holzply.com\/about-us\/\",\"name\":\"About Us - Holzply\",\"isPartOf\":{\"@id\":\"https:\/\/holzply.com\/#website\"},\"primaryImageOfPage\":{\"@id\":\"https:\/\/holzply.com\/about-us\/#primaryimage\"},\"image\":{\"@id\":\"https:\/\/holzply.com\/about-us\/#primaryimage\"},\"thumbnailUrl\":\"https:\/\/holzply.com\/wp-content\/uploads\/elementor\/thumbs\/h1b3i-ql9n7zufswh67x37pny9grpahsyrm07vm0ubi0wpa8.jpg\",\"datePublished\":\"2023-03-07T13:55:23+00:00\",\"dateModified\":\"2024-04-14T13:14:54+00:00\",\"breadcrumb\":{\"@id\":\"https:\/\/holzply.com\/about-us\/#breadcrumb\"},\"inLanguage\":\"it-IT\",\"potentialAction\":[{\"@type\":\"ReadAction\",\"target\":[\"https:\/\/holzply.com\/about-us\/\"]}]},{\"@type\":\"ImageObject\",\"inLanguage\":\"it-IT\",\"@id\":\"https:\/\/holzply.com\/about-us\/#primaryimage\",\"url\":\"https:\/\/holzply.com\/wp-content\/uploads\/elementor\/thumbs\/h1b3i-ql9n7zufswh67x37pny9grpahsyrm07vm0ubi0wpa8.jpg\",\"contentUrl\":\"https:\/\/holzply.com\/wp-content\/uploads\/elementor\/thumbs\/h1b3i-ql9n7zufswh67x37pny9grpahsyrm07vm0ubi0wpa8.jpg\"},{\"@type\":\"BreadcrumbList\",\"@id\":\"https:\/\/holzply.com\/about-us\/#breadcrumb\",\"itemListElement\":[{\"@type\":\"ListItem\",\"position\":1,\"name\":\"Home\",\"item\":\"https:\/\/holzply.com\/\"},{\"@type\":\"ListItem\",\"position\":2,\"name\":\"About Us\"}]},{\"@type\":\"WebSite\",\"@id\":\"https:\/\/holzply.com\/#website\",\"url\":\"https:\/\/holzply.com\/\",\"name\":\"Holzply\",\"description\":\"Nature\u2019s Elegance\",\"publisher\":{\"@id\":\"https:\/\/holzply.com\/#organization\"},\"potentialAction\":[{\"@type\":\"SearchAction\",\"target\":{\"@type\":\"EntryPoint\",\"urlTemplate\":\"https:\/\/holzply.com\/?s={search_term_string}\"},\"query-input\":\"required name=search_term_string\"}],\"inLanguage\":\"it-IT\"},{\"@type\":\"Organization\",\"@id\":\"https:\/\/holzply.com\/#organization\",\"name\":\"Holzply\",\"url\":\"https:\/\/holzply.com\/\",\"logo\":{\"@type\":\"ImageObject\",\"inLanguage\":\"it-IT\",\"@id\":\"https:\/\/holzply.com\/#\/schema\/logo\/image\/\",\"url\":\"https:\/\/holzply.com\/wp-content\/uploads\/2024\/04\/cropped-HolzPly-logo-3-1.png\",\"contentUrl\":\"https:\/\/holzply.com\/wp-content\/uploads\/2024\/04\/cropped-HolzPly-logo-3-1.png\",\"width\":512,\"height\":512,\"caption\":\"Holzply\"},\"image\":{\"@id\":\"https:\/\/holzply.com\/#\/schema\/logo\/image\/\"}}]}<\/script>\n<!-- \/ Yoast SEO plugin. -->","yoast_head_json":{"title":"About Us - Holzply","robots":{"index":"index","follow":"follow","max-snippet":"max-snippet:-1","max-image-preview":"max-image-preview:large","max-video-preview":"max-video-preview:-1"},"canonical":"https:\/\/holzply.com\/it\/about-us\/","og_locale":"it_IT","og_type":"article","og_title":"About Us - Holzply","og_description":"what we do HolzPly is a trade distribution company specializing in the import, export, and distribution of top-tier birch plywood. Founded by a group of professionals with cumulative experience surpassing&hellip;","og_url":"https:\/\/holzply.com\/it\/about-us\/","og_site_name":"Holzply","article_modified_time":"2024-04-14T13:14:54+00:00","og_image":[{"url":"https:\/\/holzply.com\/wp-content\/uploads\/elementor\/thumbs\/h1b3i-ql9n7zufswh67x37pny9grpahsyrm07vm0ubi0wpa8.jpg"}],"twitter_card":"summary_large_image","twitter_misc":{"Tempo di lettura stimato":"2 minuti"},"schema":{"@context":"https:\/\/schema.org","@graph":[{"@type":"WebPage","@id":"https:\/\/holzply.com\/about-us\/","url":"https:\/\/holzply.com\/about-us\/","name":"About Us - Holzply","isPartOf":{"@id":"https:\/\/holzply.com\/#website"},"primaryImageOfPage":{"@id":"https:\/\/holzply.com\/about-us\/#primaryimage"},"image":{"@id":"https:\/\/holzply.com\/about-us\/#primaryimage"},"thumbnailUrl":"https:\/\/holzply.com\/wp-content\/uploads\/elementor\/thumbs\/h1b3i-ql9n7zufswh67x37pny9grpahsyrm07vm0ubi0wpa8.jpg","datePublished":"2023-03-07T13:55:23+00:00","dateModified":"2024-04-14T13:14:54+00:00","breadcrumb":{"@id":"https:\/\/holzply.com\/about-us\/#breadcrumb"},"inLanguage":"it-IT","potentialAction":[{"@type":"ReadAction","target":["https:\/\/holzply.com\/about-us\/"]}]},{"@type":"ImageObject","inLanguage":"it-IT","@id":"https:\/\/holzply.com\/about-us\/#primaryimage","url":"https:\/\/holzply.com\/wp-content\/uploads\/elementor\/thumbs\/h1b3i-ql9n7zufswh67x37pny9grpahsyrm07vm0ubi0wpa8.jpg","contentUrl":"https:\/\/holzply.com\/wp-content\/uploads\/elementor\/thumbs\/h1b3i-ql9n7zufswh67x37pny9grpahsyrm07vm0ubi0wpa8.jpg"},{"@type":"BreadcrumbList","@id":"https:\/\/holzply.com\/about-us\/#breadcrumb","itemListElement":[{"@type":"ListItem","position":1,"name":"Home","item":"https:\/\/holzply.com\/"},{"@type":"ListItem","position":2,"name":"About Us"}]},{"@type":"WebSite","@id":"https:\/\/holzply.com\/#website","url":"https:\/\/holzply.com\/","name":"Holzply","description":"Nature\u2019s Elegance","publisher":{"@id":"https:\/\/holzply.com\/#organization"},"potentialAction":[{"@type":"SearchAction","target":{"@type":"EntryPoint","urlTemplate":"https:\/\/holzply.com\/?s={search_term_string}"},"query-input":"required name=search_term_string"}],"inLanguage":"it-IT"},{"@type":"Organization","@id":"https:\/\/holzply.com\/#organization","name":"Holzply","url":"https:\/\/holzply.com\/","logo":{"@type":"ImageObject","inLanguage":"it-IT","@id":"https:\/\/holzply.com\/#\/schema\/logo\/image\/","url":"https:\/\/holzply.com\/wp-content\/uploads\/2024\/04\/cropped-HolzPly-logo-3-1.png","contentUrl":"https:\/\/holzply.com\/wp-content\/uploads\/2024\/04\/cropped-HolzPly-logo-3-1.png","width":512,"height":512,"caption":"Holzply"},"image":{"@id":"https:\/\/holzply.com\/#\/schema\/logo\/image\/"}}]}},"_links":{"self":[{"href":"https:\/\/holzply.com\/it\/wp-json\/wp\/v2\/pages\/29509"}],"collection":[{"href":"https:\/\/holzply.com\/it\/wp-json\/wp\/v2\/pages"}],"about":[{"href":"https:\/\/holzply.com\/it\/wp-json\/wp\/v2\/types\/page"}],"author":[{"embeddable":true,"href":"https:\/\/holzply.com\/it\/wp-json\/wp\/v2\/users\/1"}],"replies":[{"embeddable":true,"href":"https:\/\/holzply.com\/it\/wp-json\/wp\/v2\/comments?post=29509"}],"version-history":[{"count":65,"href":"https:\/\/holzply.com\/it\/wp-json\/wp\/v2\/pages\/29509\/revisions"}],"predecessor-version":[{"id":35541,"href":"https:\/\/holzply.com\/it\/wp-json\/wp\/v2\/pages\/29509\/revisions\/35541"}],"wp:attachment":[{"href":"https:\/\/holzply.com\/it\/wp-json\/wp\/v2\/media?parent=29509"}],"curies":[{"name":"wp","href":"https:\/\/api.w.org\/{rel}","templated":true}]}}