{"id":35570,"date":"2024-04-14T16:29:57","date_gmt":"2024-04-14T15:29:57","guid":{"rendered":"https:\/\/holzply.com\/?page_id=35570"},"modified":"2024-04-14T17:37:28","modified_gmt":"2024-04-14T16:37:28","slug":"fire-retardant","status":"publish","type":"page","link":"https:\/\/holzply.com\/de\/fire-retardant\/","title":{"rendered":"Birch Plywood &#8211; Fire retardant"},"content":{"rendered":"<div data-elementor-type=\"wp-page\" data-elementor-id=\"35570\" class=\"elementor elementor-35570\">\n\t\t\t\t\t\t<section class=\"elementor-section elementor-top-section elementor-element elementor-element-1c0efa0 elementor-section-boxed elementor-section-height-default elementor-section-height-default sc_fly_static\" data-id=\"1c0efa0\" data-element_type=\"section\">\n\t\t\t\t\t\t<div class=\"elementor-container elementor-column-gap-extended\">\n\t\t\t\t\t<div class=\"elementor-column elementor-col-50 elementor-top-column elementor-element elementor-element-0a0893a sc_inner_width_none sc_content_align_inherit sc_layouts_column_icons_position_left sc_fly_static\" data-id=\"0a0893a\" data-element_type=\"column\">\n\t\t\t<div class=\"elementor-widget-wrap elementor-element-populated\">\n\t\t\t\t\t\t<div class=\"elementor-element elementor-element-526a489 sc_fly_static elementor-widget elementor-widget-image\" data-id=\"526a489\" data-element_type=\"widget\" data-widget_type=\"image.default\">\n\t\t\t\t<div class=\"elementor-widget-container\">\n\t\t\t\t\t\t\t\t\t\t\t\t\t\t\t<img fetchpriority=\"high\" decoding=\"async\" width=\"1024\" height=\"751\" src=\"https:\/\/holzply.com\/wp-content\/uploads\/2024\/04\/Fire-Retardant-1-1024x751.png\" class=\"attachment-large size-large wp-image-35579\" alt=\"\" srcset=\"https:\/\/holzply.com\/wp-content\/uploads\/2024\/04\/Fire-Retardant-1-1024x751.png 1024w, https:\/\/holzply.com\/wp-content\/uploads\/2024\/04\/Fire-Retardant-1-300x220.png 300w, https:\/\/holzply.com\/wp-content\/uploads\/2024\/04\/Fire-Retardant-1-768x563.png 768w, https:\/\/holzply.com\/wp-content\/uploads\/2024\/04\/Fire-Retardant-1-1536x1126.png 1536w, https:\/\/holzply.com\/wp-content\/uploads\/2024\/04\/Fire-Retardant-1-2048x1502.png 2048w, https:\/\/holzply.com\/wp-content\/uploads\/2024\/04\/Fire-Retardant-1-16x12.png 16w, https:\/\/holzply.com\/wp-content\/uploads\/2024\/04\/Fire-Retardant-1-370x271.png 370w, https:\/\/holzply.com\/wp-content\/uploads\/2024\/04\/Fire-Retardant-1-840x616.png 840w, https:\/\/holzply.com\/wp-content\/uploads\/2024\/04\/Fire-Retardant-1-410x301.png 410w, https:\/\/holzply.com\/wp-content\/uploads\/2024\/04\/Fire-Retardant-1-600x440.png 600w\" sizes=\"(max-width: 1024px) 100vw, 1024px\" \/>\t\t\t\t\t\t\t\t\t\t\t\t\t\t\t<\/div>\n\t\t\t\t<\/div>\n\t\t\t\t\t<\/div>\n\t\t<\/div>\n\t\t\t\t<div class=\"elementor-column elementor-col-50 elementor-top-column elementor-element elementor-element-18553a7 sc_inner_width_none sc_content_align_inherit sc_layouts_column_icons_position_left sc_fly_static\" data-id=\"18553a7\" data-element_type=\"column\">\n\t\t\t<div class=\"elementor-widget-wrap elementor-element-populated\">\n\t\t\t\t\t\t<div class=\"elementor-element elementor-element-21a3cad sc_fly_static elementor-widget elementor-widget-heading\" data-id=\"21a3cad\" data-element_type=\"widget\" data-widget_type=\"heading.default\">\n\t\t\t\t<div class=\"elementor-widget-container\">\n\t\t\t\t\t<h2 class=\"elementor-heading-title elementor-size-default\">BIRKENSPERRHOLZ \u2013 FEURHEMMENDES<\/h2>\t\t\t\t<\/div>\n\t\t\t\t<\/div>\n\t\t\t\t<div class=\"elementor-element elementor-element-c1719f4 sc_fly_static elementor-widget elementor-widget-text-editor\" data-id=\"c1719f4\" data-element_type=\"widget\" data-widget_type=\"text-editor.default\">\n\t\t\t\t<div class=\"elementor-widget-container\">\n\t\t\t\t\t\t\t\t\t<p class=\"p1\">Feuerfestes Sperrholz, das die Entflammbarkeit minimiert und die Ausbreitung von Feuer auf Oberfl\u00e4chen verhindert. Es zeichnet sich durch eine kontrollierte Rauchentwicklung aus und gew\u00e4hrleistet eine geregelte Freisetzung gef\u00e4hrlicher Stoffe, wenn es einem Feuer ausgesetzt ist. Dieses schwer entflammbare Sperrholz wird mit Phenol-Formaldehyd-Harz hergestellt und bietet eine verbesserte Wasserbest\u00e4ndigkeit, so dass es auch unter feuchten Bedingungen seine Integrit\u00e4t beh\u00e4lt.<\/p><p class=\"p1\">Jede Furnierschicht wird w\u00e4hrend der Produktion einer flammhemmenden Behandlung unterzogen, um die Einhaltung strenger Brandschutznormen zu gew\u00e4hrleisten. F\u00fcr Projekte, die flexiblere Spezifikationen erfordern, bieten wir au\u00dferdem feuerfestes Sperrholz mit ausschlie\u00dflich flammhemmend behandelten Deckfurnieren an.<\/p><p class=\"p1\">Die Vielseitigkeit von feuerfestem Sperrholz erstreckt sich auf das Baugewerbe, die Verkehrstechnik, die Herstellung von Eisenbahnwaggons und U-Bahnen, den Schiffbau und zahlreiche andere Branchen, in denen feuerfeste Materialien unverzichtbar sind.<\/p>\t\t\t\t\t\t\t\t<\/div>\n\t\t\t\t<\/div>\n\t\t\t\t\t<\/div>\n\t\t<\/div>\n\t\t\t\t\t<\/div>\n\t\t<\/section>\n\t\t\t\t<section class=\"elementor-section elementor-top-section elementor-element elementor-element-58e22fe elementor-section-boxed elementor-section-height-default elementor-section-height-default sc_fly_static\" data-id=\"58e22fe\" data-element_type=\"section\">\n\t\t\t\t\t\t<div class=\"elementor-container elementor-column-gap-extended\">\n\t\t\t\t\t<div class=\"elementor-column elementor-col-100 elementor-top-column elementor-element elementor-element-0e766c5 sc_inner_width_none sc_content_align_inherit sc_layouts_column_icons_position_left sc_fly_static\" data-id=\"0e766c5\" data-element_type=\"column\">\n\t\t\t<div class=\"elementor-widget-wrap elementor-element-populated\">\n\t\t\t\t\t\t<div class=\"elementor-element elementor-element-6e97d07 sc_fly_static elementor-widget elementor-widget-heading\" data-id=\"6e97d07\" data-element_type=\"widget\" data-widget_type=\"heading.default\">\n\t\t\t\t<div class=\"elementor-widget-container\">\n\t\t\t\t\t<h3 class=\"elementor-heading-title elementor-size-default\">technisches Datenblatt<\/h3>\t\t\t\t<\/div>\n\t\t\t\t<\/div>\n\t\t\t\t<div class=\"elementor-element elementor-element-6031b00 sc_fly_static elementor-widget elementor-widget-trx_sc_table\" data-id=\"6031b00\" data-element_type=\"widget\" data-widget_type=\"trx_sc_table.default\">\n\t\t\t\t<div class=\"elementor-widget-container\">\n\t\t\t\t\t<div class=\"sc_table_wrap\"><div\t\tclass=\"sc_table sc_table_default trx_addons_inline_1695468507\" ><table cellspacing=\"0\" summary=\"technical sheet\">\n\t<tr>\n\t\t<td>Dicken (mm):<\/td>\n\t\t<td>6; 9; 12; 15; 18; 21; 24; 27; 30<\/td>\n\t<\/tr>\n\t<tr>\n\t\t<td>Verf\u00fcgbare Gr\u00f6\u00dfen (mm):<\/td>\n\t\t<td>1525 x 1525; 2440 x 1220; 2500 \u0445 1250<\/td>\n\t<\/tr>\n\t<tr>\n\t\t<td>Klebstoff (Au\u00dfen):<\/td>\n\t\t<td>Phenol-Formaldehyd-Klebstoff (WBP)<\/td>\n\t<\/tr>\n\t<tr>\n\t\t<td>Formaldehyd-Emissionen:<\/td>\n\t\t<td>E 1, CARB ULEF<\/td>\n\t<\/tr>\n\t<tr>\n\t\t<td>Klassen:<\/td>\n\t\t<td>B\/BB; BB\/BB; BB\/CP; BB\/C; CP\/CP; CP\/C<\/td>\n\t<\/tr>\n\t<tr>\n\t\t<td>Oberfl\u00e4chenart:<\/td>\n\t\t<td>\u00c4u\u00dfere Schichten geschliffen (S2S); Nicht geschliffen (NS); HPL, Glasfaser, CPL<\/td>\n\t<\/tr>\n<tr>\n\t\t<td>Feuchtigkeitsgehalt:<\/td>\n\t\t<td>5-14%<\/td>\n\t<\/tr>\n\t<tr>\n\t\t<td>Wasserbest\u00e4ndigkeit:<\/td>\n\t\t<td>Hoch<\/td>\n\t<\/tr>\n<\/table><\/div><\/div>\t\t\t\t<\/div>\n\t\t\t\t<\/div>\n\t\t\t\t\t<\/div>\n\t\t<\/div>\n\t\t\t\t\t<\/div>\n\t\t<\/section>\n\t\t\t\t<section class=\"elementor-section elementor-top-section elementor-element elementor-element-8dc8cb9 elementor-section-boxed elementor-section-height-default elementor-section-height-default sc_fly_static\" data-id=\"8dc8cb9\" data-element_type=\"section\">\n\t\t\t\t\t\t<div class=\"elementor-container elementor-column-gap-extended\">\n\t\t\t\t\t<div class=\"elementor-column elementor-col-100 elementor-top-column elementor-element elementor-element-f2a621c sc_inner_width_none sc_content_align_inherit sc_layouts_column_icons_position_left sc_fly_static\" data-id=\"f2a621c\" data-element_type=\"column\">\n\t\t\t<div class=\"elementor-widget-wrap elementor-element-populated\">\n\t\t\t\t\t\t<div class=\"elementor-element elementor-element-8a838e7 sc_fly_static elementor-widget elementor-widget-html\" data-id=\"8a838e7\" data-element_type=\"widget\" data-widget_type=\"html.default\">\n\t\t\t\t<div class=\"elementor-widget-container\">\n\t\t\t\t\t<div class=\"product type-product post-27614 status-publish first instock product_cat-decor product_cat-samples product_tag-floor product_tag-house product_tag-item product_tag-repair has-post-thumbnail shipping-taxable purchasable product-type-variable woocommerce\"><section class=\"related products\">\n    <h2>\u00c4hnliche Produkte<\/h2>\n\n    <ul class=\"products columns-3\">\n      <!--<li class=\"product type-product post-2340 status-publish first instock product_cat-samples product_cat-wood product_tag-decor product_tag-design product_tag-home has-post-thumbnail shipping-taxable purchasable product-type-simple wishlist_decorated\">\n        <div class=\"post_item post_layout_thumbs\">\n          <div class=\"post_featured hover_shop\">\n            <a href=\"\/regular\">\n              <img loading=\"lazy\" loading=\"lazy\" width=\"630\" height=\"630\" src=\"https:\/\/holzply.com\/wp-content\/uploads\/2024\/04\/Layer-10-scaled-e1711965004746.jpg\" class=\"attachment-woocommerce_thumbnail size-woocommerce_thumbnail\" alt=\"\" decoding=\"async\" >\n            <\/a>\n            <div class=\"mask\"><\/div>\n          <\/div>\n          <div class=\"post_data\">\n            <div class=\"post_data_inner\">\n              <div class=\"post_header entry-header\">\n                <h2 class=\"woocommerce-loop-product__title\">\n                  <a href=\"\/regular\">Birch plywood - Regular<\/a>\n                <\/h2>\n              <\/div>\n            <\/div>\n          <\/div>\n        <\/div>\n      <\/li> -->\n\n      <li class=\"product type-product post-2345 status-publish last instock product_cat-samples product_cat-wood product_tag-decor product_tag-design product_tag-home has-post-thumbnail shipping-taxable purchasable product-type-simple wishlist_decorated\">\n        <div class=\"post_item post_layout_thumbs\">\n          <div class=\"post_featured hover_shop\">\n            <a href=\"\/de\/uv\/\">\n              <img loading=\"lazy\" width=\"630\" height=\"630\" src=\"https:\/\/holzply.com\/wp-content\/uploads\/2024\/04\/UV-scaled-e1711975012291.jpg\" class=\"attachment-woocommerce_thumbnail size-woocommerce_thumbnail\" alt=\"\" decoding=\"async\">\n            <\/a>\n            <div class=\"mask\"><\/div>\n          <\/div>\n          <div class=\"post_data\">\n            <div class=\"post_data_inner\">\n              <div class=\"post_header entry-header\">\n                <h2 class=\"woocommerce-loop-product__title\">\n                  <a href=\"\/de\/uv\/\">BIRKENSPERRHOLZ \u2013 UV<\/a>\n                <\/h2>\n              <\/div>\n            <\/div>\n          <\/div>\n        <\/div>\n      <\/li>\n\n      <li class=\"product type-product post-27614 status-publish last instock product_cat-decor product_cat-samples product_tag-floor product_tag-house product_tag-item product_tag-repair has-post-thumbnail shipping-taxable purchasable product-type-variable wishlist_decorated\">\n        <div class=\"post_item post_layout_thumbs\">\n          <div class=\"post_featured hover_shop\">\n            <a href=\"\/de\/color\/\">\n              <img loading=\"lazy\" width=\"630\" height=\"630\" src=\"https:\/\/holzply.com\/wp-content\/uploads\/2024\/04\/Color-1-scaled-e1711972264862.jpg\" class=\"attachment-woocommerce_thumbnail size-woocommerce_thumbnail\" alt=\"\" decoding=\"async\">\n            <\/a>\n            <div class=\"mask\"><\/div>\n          <\/div>\n          <div class=\"post_data\">\n            <div class=\"post_data_inner\">\n              <div class=\"post_header entry-header\">\n                <h2 class=\"woocommerce-loop-product__title\">\n                  <a href=\"\/de\/color\/\">BIRKENSPERRHOLZ \u2013 FARBE<\/a>\n                <\/h2>\n              <\/div>\n            <\/div>\n          <\/div>\n        <\/div>\n      <\/li>\n\n      <!-- <li class=\"product type-product post-2340 status-publish first instock product_cat-samples product_cat-wood product_tag-decor product_tag-design product_tag-home has-post-thumbnail shipping-taxable purchasable product-type-simple wishlist_decorated\">\n        <div class=\"post_item post_layout_thumbs\">\n          <div class=\"post_featured hover_shop\">\n            <a href=\"\/primer\">\n              <img loading=\"lazy\" loading=\"lazy\" width=\"630\" height=\"630\" src=\"https:\/\/holzply.com\/wp-content\/uploads\/2024\/04\/Primer-e1711972048965.jpg\" class=\"attachment-woocommerce_thumbnail size-woocommerce_thumbnail\" alt=\"\" decoding=\"async\" >\n            <\/a>\n            <div class=\"mask\"><\/div>\n          <\/div>\n          <div class=\"post_data\">\n            <div class=\"post_data_inner\">\n              <div class=\"post_header entry-header\">\n                <h2 class=\"woocommerce-loop-product__title\">\n                  <a href=\"\/primer\">Birch plywood - Primer<\/a>\n                <\/h2>\n              <\/div>\n            <\/div>\n          <\/div>\n        <\/div>\n      <\/li> -->\n\n      <!-- <li class=\"product type-product post-2345 status-publish last instock product_cat-samples product_cat-wood product_tag-decor product_tag-design product_tag-home has-post-thumbnail shipping-taxable purchasable product-type-simple wishlist_decorated\">\n        <div class=\"post_item post_layout_thumbs\">\n          <div class=\"post_featured hover_shop\">\n            <a href=\"\/film-faced\">\n              <img loading=\"lazy\" loading=\"lazy\" width=\"630\" height=\"630\" src=\"https:\/\/holzply.com\/wp-content\/uploads\/2024\/04\/Film-Faced-scaled-e1711971892190.jpg\" class=\"attachment-woocommerce_thumbnail size-woocommerce_thumbnail\" alt=\"\" decoding=\"async\">\n            <\/a>\n            <div class=\"mask\"><\/div>\n          <\/div>\n          <div class=\"post_data\">\n            <div class=\"post_data_inner\">\n              <div class=\"post_header entry-header\">\n                <h2 class=\"woocommerce-loop-product__title\">\n                  <a href=\"\/film-faced\">Birch plywood - Film faced<\/a>\n                <\/h2>\n              <\/div>\n            <\/div>\n          <\/div>\n        <\/div>\n      <\/li> -->\n\n      <li class=\"product type-product post-27614 status-publish last instock product_cat-decor product_cat-samples product_tag-floor product_tag-house product_tag-item product_tag-repair has-post-thumbnail shipping-taxable purchasable product-type-variable wishlist_decorated\">\n        <div class=\"post_item post_layout_thumbs\">\n          <div class=\"post_featured hover_shop\">\n            <a href=\"\/de\/parquet\/\">\n              <img loading=\"lazy\" width=\"630\" height=\"630\" src=\"https:\/\/holzply.com\/wp-content\/uploads\/2024\/04\/Parquet-Standard-1-e1711975513218.jpg\" class=\"attachment-woocommerce_thumbnail size-woocommerce_thumbnail\" alt=\"\" decoding=\"async\">\n            <\/a>\n            <div class=\"mask\"><\/div>\n          <\/div>\n          <div class=\"post_data\">\n            <div class=\"post_data_inner\">\n              <div class=\"post_header entry-header\">\n                <h2 class=\"woocommerce-loop-product__title\">\n                  <a href=\"\/de\/parquet\/\">BIRKENSPERRHOLZ \u2013 PARKETT<\/a>\n                <\/h2>\n              <\/div>\n            <\/div>\n          <\/div>\n        <\/div>\n      <\/li>\n    <\/ul>\n  <\/section>\n  \n  <\/div>\t\t\t\t<\/div>\n\t\t\t\t<\/div>\n\t\t\t\t\t<\/div>\n\t\t<\/div>\n\t\t\t\t\t<\/div>\n\t\t<\/section>\n\t\t\t\t<\/div>","protected":false},"excerpt":{"rendered":"<p>BIRCH PLYWOOD \u2013 FIRE RETARDANT Fire-resistant plywood, engineered to minimize flammability and inhibit the spread of fire on surfaces. It features controlled smoke generation and ensures the regulated release of&hellip;<\/p>","protected":false},"author":1,"featured_media":0,"parent":0,"menu_order":0,"comment_status":"closed","ping_status":"closed","template":"elementor_header_footer","meta":{"content-type":"","footnotes":""},"yoast_head":"<!-- This site is optimized with the Yoast SEO plugin v23.0 - https:\/\/yoast.com\/wordpress\/plugins\/seo\/ -->\n<title>Birch Plywood - Fire retardant - Holzply<\/title>\n<meta name=\"robots\" content=\"index, follow, max-snippet:-1, max-image-preview:large, max-video-preview:-1\" \/>\n<link rel=\"canonical\" href=\"https:\/\/holzply.com\/de\/fire-retardant\/\" \/>\n<meta property=\"og:locale\" content=\"de_DE\" \/>\n<meta property=\"og:type\" content=\"article\" \/>\n<meta property=\"og:title\" content=\"Birch Plywood - Fire retardant - Holzply\" \/>\n<meta property=\"og:description\" content=\"BIRCH PLYWOOD \u2013 FIRE RETARDANT Fire-resistant plywood, engineered to minimize flammability and inhibit the spread of fire on surfaces. It features controlled smoke generation and ensures the regulated release of&hellip;\" \/>\n<meta property=\"og:url\" content=\"https:\/\/holzply.com\/de\/fire-retardant\/\" \/>\n<meta property=\"og:site_name\" content=\"Holzply\" \/>\n<meta property=\"article:modified_time\" content=\"2024-04-14T16:37:28+00:00\" \/>\n<meta property=\"og:image\" content=\"https:\/\/holzply.com\/wp-content\/uploads\/2024\/04\/Fire-Retardant-1-1024x751.png\" \/>\n<meta name=\"twitter:card\" content=\"summary_large_image\" \/>\n<meta name=\"twitter:label1\" content=\"Gesch\u00e4tzte Lesezeit\" \/>\n\t<meta name=\"twitter:data1\" content=\"2\u00a0Minuten\" \/>\n<script type=\"application\/ld+json\" class=\"yoast-schema-graph\">{\"@context\":\"https:\/\/schema.org\",\"@graph\":[{\"@type\":\"WebPage\",\"@id\":\"https:\/\/holzply.com\/fire-retardant\/\",\"url\":\"https:\/\/holzply.com\/fire-retardant\/\",\"name\":\"Birch Plywood - Fire retardant - Holzply\",\"isPartOf\":{\"@id\":\"https:\/\/holzply.com\/#website\"},\"primaryImageOfPage\":{\"@id\":\"https:\/\/holzply.com\/fire-retardant\/#primaryimage\"},\"image\":{\"@id\":\"https:\/\/holzply.com\/fire-retardant\/#primaryimage\"},\"thumbnailUrl\":\"https:\/\/holzply.com\/wp-content\/uploads\/2024\/04\/Fire-Retardant-1-1024x751.png\",\"datePublished\":\"2024-04-14T15:29:57+00:00\",\"dateModified\":\"2024-04-14T16:37:28+00:00\",\"breadcrumb\":{\"@id\":\"https:\/\/holzply.com\/fire-retardant\/#breadcrumb\"},\"inLanguage\":\"de\",\"potentialAction\":[{\"@type\":\"ReadAction\",\"target\":[\"https:\/\/holzply.com\/fire-retardant\/\"]}]},{\"@type\":\"ImageObject\",\"inLanguage\":\"de\",\"@id\":\"https:\/\/holzply.com\/fire-retardant\/#primaryimage\",\"url\":\"https:\/\/holzply.com\/wp-content\/uploads\/2024\/04\/Fire-Retardant-1-1024x751.png\",\"contentUrl\":\"https:\/\/holzply.com\/wp-content\/uploads\/2024\/04\/Fire-Retardant-1-1024x751.png\"},{\"@type\":\"BreadcrumbList\",\"@id\":\"https:\/\/holzply.com\/fire-retardant\/#breadcrumb\",\"itemListElement\":[{\"@type\":\"ListItem\",\"position\":1,\"name\":\"Home\",\"item\":\"https:\/\/holzply.com\/\"},{\"@type\":\"ListItem\",\"position\":2,\"name\":\"Birch Plywood &#8211; Fire retardant\"}]},{\"@type\":\"WebSite\",\"@id\":\"https:\/\/holzply.com\/#website\",\"url\":\"https:\/\/holzply.com\/\",\"name\":\"Holzply\",\"description\":\"Nature\u2019s Elegance\",\"publisher\":{\"@id\":\"https:\/\/holzply.com\/#organization\"},\"potentialAction\":[{\"@type\":\"SearchAction\",\"target\":{\"@type\":\"EntryPoint\",\"urlTemplate\":\"https:\/\/holzply.com\/?s={search_term_string}\"},\"query-input\":\"required name=search_term_string\"}],\"inLanguage\":\"de\"},{\"@type\":\"Organization\",\"@id\":\"https:\/\/holzply.com\/#organization\",\"name\":\"Holzply\",\"url\":\"https:\/\/holzply.com\/\",\"logo\":{\"@type\":\"ImageObject\",\"inLanguage\":\"de\",\"@id\":\"https:\/\/holzply.com\/#\/schema\/logo\/image\/\",\"url\":\"https:\/\/holzply.com\/wp-content\/uploads\/2024\/04\/cropped-HolzPly-logo-3-1.png\",\"contentUrl\":\"https:\/\/holzply.com\/wp-content\/uploads\/2024\/04\/cropped-HolzPly-logo-3-1.png\",\"width\":512,\"height\":512,\"caption\":\"Holzply\"},\"image\":{\"@id\":\"https:\/\/holzply.com\/#\/schema\/logo\/image\/\"}}]}<\/script>\n<!-- \/ Yoast SEO plugin. -->","yoast_head_json":{"title":"Birch Plywood - Fire retardant - Holzply","robots":{"index":"index","follow":"follow","max-snippet":"max-snippet:-1","max-image-preview":"max-image-preview:large","max-video-preview":"max-video-preview:-1"},"canonical":"https:\/\/holzply.com\/de\/fire-retardant\/","og_locale":"de_DE","og_type":"article","og_title":"Birch Plywood - Fire retardant - Holzply","og_description":"BIRCH PLYWOOD \u2013 FIRE RETARDANT Fire-resistant plywood, engineered to minimize flammability and inhibit the spread of fire on surfaces. It features controlled smoke generation and ensures the regulated release of&hellip;","og_url":"https:\/\/holzply.com\/de\/fire-retardant\/","og_site_name":"Holzply","article_modified_time":"2024-04-14T16:37:28+00:00","og_image":[{"url":"https:\/\/holzply.com\/wp-content\/uploads\/2024\/04\/Fire-Retardant-1-1024x751.png"}],"twitter_card":"summary_large_image","twitter_misc":{"Gesch\u00e4tzte Lesezeit":"2\u00a0Minuten"},"schema":{"@context":"https:\/\/schema.org","@graph":[{"@type":"WebPage","@id":"https:\/\/holzply.com\/fire-retardant\/","url":"https:\/\/holzply.com\/fire-retardant\/","name":"Birch Plywood - Fire retardant - Holzply","isPartOf":{"@id":"https:\/\/holzply.com\/#website"},"primaryImageOfPage":{"@id":"https:\/\/holzply.com\/fire-retardant\/#primaryimage"},"image":{"@id":"https:\/\/holzply.com\/fire-retardant\/#primaryimage"},"thumbnailUrl":"https:\/\/holzply.com\/wp-content\/uploads\/2024\/04\/Fire-Retardant-1-1024x751.png","datePublished":"2024-04-14T15:29:57+00:00","dateModified":"2024-04-14T16:37:28+00:00","breadcrumb":{"@id":"https:\/\/holzply.com\/fire-retardant\/#breadcrumb"},"inLanguage":"de","potentialAction":[{"@type":"ReadAction","target":["https:\/\/holzply.com\/fire-retardant\/"]}]},{"@type":"ImageObject","inLanguage":"de","@id":"https:\/\/holzply.com\/fire-retardant\/#primaryimage","url":"https:\/\/holzply.com\/wp-content\/uploads\/2024\/04\/Fire-Retardant-1-1024x751.png","contentUrl":"https:\/\/holzply.com\/wp-content\/uploads\/2024\/04\/Fire-Retardant-1-1024x751.png"},{"@type":"BreadcrumbList","@id":"https:\/\/holzply.com\/fire-retardant\/#breadcrumb","itemListElement":[{"@type":"ListItem","position":1,"name":"Home","item":"https:\/\/holzply.com\/"},{"@type":"ListItem","position":2,"name":"Birch Plywood &#8211; Fire retardant"}]},{"@type":"WebSite","@id":"https:\/\/holzply.com\/#website","url":"https:\/\/holzply.com\/","name":"Holzply","description":"Nature\u2019s Elegance","publisher":{"@id":"https:\/\/holzply.com\/#organization"},"potentialAction":[{"@type":"SearchAction","target":{"@type":"EntryPoint","urlTemplate":"https:\/\/holzply.com\/?s={search_term_string}"},"query-input":"required name=search_term_string"}],"inLanguage":"de"},{"@type":"Organization","@id":"https:\/\/holzply.com\/#organization","name":"Holzply","url":"https:\/\/holzply.com\/","logo":{"@type":"ImageObject","inLanguage":"de","@id":"https:\/\/holzply.com\/#\/schema\/logo\/image\/","url":"https:\/\/holzply.com\/wp-content\/uploads\/2024\/04\/cropped-HolzPly-logo-3-1.png","contentUrl":"https:\/\/holzply.com\/wp-content\/uploads\/2024\/04\/cropped-HolzPly-logo-3-1.png","width":512,"height":512,"caption":"Holzply"},"image":{"@id":"https:\/\/holzply.com\/#\/schema\/logo\/image\/"}}]}},"_links":{"self":[{"href":"https:\/\/holzply.com\/de\/wp-json\/wp\/v2\/pages\/35570"}],"collection":[{"href":"https:\/\/holzply.com\/de\/wp-json\/wp\/v2\/pages"}],"about":[{"href":"https:\/\/holzply.com\/de\/wp-json\/wp\/v2\/types\/page"}],"author":[{"embeddable":true,"href":"https:\/\/holzply.com\/de\/wp-json\/wp\/v2\/users\/1"}],"replies":[{"embeddable":true,"href":"https:\/\/holzply.com\/de\/wp-json\/wp\/v2\/comments?post=35570"}],"version-history":[{"count":14,"href":"https:\/\/holzply.com\/de\/wp-json\/wp\/v2\/pages\/35570\/revisions"}],"predecessor-version":[{"id":35657,"href":"https:\/\/holzply.com\/de\/wp-json\/wp\/v2\/pages\/35570\/revisions\/35657"}],"wp:attachment":[{"href":"https:\/\/holzply.com\/de\/wp-json\/wp\/v2\/media?parent=35570"}],"curies":[{"name":"wp","href":"https:\/\/api.w.org\/{rel}","templated":true}]}}