{"id":35169,"date":"2024-04-01T12:38:57","date_gmt":"2024-04-01T11:38:57","guid":{"rendered":"https:\/\/holzply.com\/?page_id=35169"},"modified":"2024-04-14T16:02:30","modified_gmt":"2024-04-14T15:02:30","slug":"film-faced","status":"publish","type":"page","link":"https:\/\/holzply.com\/de\/film-faced\/","title":{"rendered":"BIRKENSPERRHOLZ - FILMBESCHICHTET"},"content":{"rendered":"<div data-elementor-type=\"wp-page\" data-elementor-id=\"35169\" class=\"elementor elementor-35169\">\n\t\t\t\t\t\t<section class=\"elementor-section elementor-top-section elementor-element elementor-element-1c0efa0 elementor-section-boxed elementor-section-height-default elementor-section-height-default sc_fly_static\" data-id=\"1c0efa0\" data-element_type=\"section\">\n\t\t\t\t\t\t<div class=\"elementor-container elementor-column-gap-extended\">\n\t\t\t\t\t<div class=\"elementor-column elementor-col-50 elementor-top-column elementor-element elementor-element-0a0893a sc_inner_width_none sc_content_align_inherit sc_layouts_column_icons_position_left sc_fly_static\" data-id=\"0a0893a\" data-element_type=\"column\">\n\t\t\t<div class=\"elementor-widget-wrap elementor-element-populated\">\n\t\t\t\t\t\t<div class=\"elementor-element elementor-element-526a489 sc_fly_static elementor-widget elementor-widget-image\" data-id=\"526a489\" data-element_type=\"widget\" data-widget_type=\"image.default\">\n\t\t\t\t<div class=\"elementor-widget-container\">\n\t\t\t\t\t\t\t\t\t\t\t\t\t\t\t<img fetchpriority=\"high\" decoding=\"async\" width=\"1024\" height=\"1024\" src=\"https:\/\/holzply.com\/wp-content\/uploads\/2024\/04\/Film-Faced-scaled-e1711971892190-1024x1024.jpg\" class=\"attachment-large size-large wp-image-35181\" alt=\"\" srcset=\"https:\/\/holzply.com\/wp-content\/uploads\/2024\/04\/Film-Faced-scaled-e1711971892190-1024x1024.jpg 1024w, https:\/\/holzply.com\/wp-content\/uploads\/2024\/04\/Film-Faced-scaled-e1711971892190-300x300.jpg 300w, https:\/\/holzply.com\/wp-content\/uploads\/2024\/04\/Film-Faced-scaled-e1711971892190-150x150.jpg 150w, https:\/\/holzply.com\/wp-content\/uploads\/2024\/04\/Film-Faced-scaled-e1711971892190-768x768.jpg 768w, https:\/\/holzply.com\/wp-content\/uploads\/2024\/04\/Film-Faced-scaled-e1711971892190-1536x1536.jpg 1536w, https:\/\/holzply.com\/wp-content\/uploads\/2024\/04\/Film-Faced-scaled-e1711971892190-370x370.jpg 370w, https:\/\/holzply.com\/wp-content\/uploads\/2024\/04\/Film-Faced-scaled-e1711971892190-120x120.jpg 120w, https:\/\/holzply.com\/wp-content\/uploads\/2024\/04\/Film-Faced-scaled-e1711971892190-840x839.jpg 840w, https:\/\/holzply.com\/wp-content\/uploads\/2024\/04\/Film-Faced-scaled-e1711971892190-410x410.jpg 410w, https:\/\/holzply.com\/wp-content\/uploads\/2024\/04\/Film-Faced-scaled-e1711971892190-630x630.jpg 630w, https:\/\/holzply.com\/wp-content\/uploads\/2024\/04\/Film-Faced-scaled-e1711971892190-600x600.jpg 600w, https:\/\/holzply.com\/wp-content\/uploads\/2024\/04\/Film-Faced-scaled-e1711971892190.jpg 1548w\" sizes=\"(max-width: 1024px) 100vw, 1024px\" \/>\t\t\t\t\t\t\t\t\t\t\t\t\t\t\t<\/div>\n\t\t\t\t<\/div>\n\t\t\t\t\t<\/div>\n\t\t<\/div>\n\t\t\t\t<div class=\"elementor-column elementor-col-50 elementor-top-column elementor-element elementor-element-18553a7 sc_inner_width_none sc_content_align_inherit sc_layouts_column_icons_position_left sc_fly_static\" data-id=\"18553a7\" data-element_type=\"column\">\n\t\t\t<div class=\"elementor-widget-wrap elementor-element-populated\">\n\t\t\t\t\t\t<div class=\"elementor-element elementor-element-21a3cad sc_fly_static elementor-widget elementor-widget-heading\" data-id=\"21a3cad\" data-element_type=\"widget\" data-widget_type=\"heading.default\">\n\t\t\t\t<div class=\"elementor-widget-container\">\n\t\t\t\t\t<h2 class=\"elementor-heading-title elementor-size-default\">BIRKENSPERRHOLZ FILMBESCHICHTET<\/h2>\t\t\t\t<\/div>\n\t\t\t\t<\/div>\n\t\t\t\t<div class=\"elementor-element elementor-element-c1719f4 sc_fly_static elementor-widget elementor-widget-text-editor\" data-id=\"c1719f4\" data-element_type=\"widget\" data-widget_type=\"text-editor.default\">\n\t\t\t\t<div class=\"elementor-widget-container\">\n\t\t\t\t\t\t\t\t\t<p class=\"p1\">Filmbeschichtetes Sperrholz zeichnet sich durch eine bemerkenswerte Widerstandsf\u00e4higkeit gegen Wasser, Abrieb, Chemikalien, Pilze und Schimmel aus. Entwickelt f\u00fcr Langlebigkeit, wird es zu einer unverzichtbaren Option f\u00fcr die Herstellung von wiederverwendbaren Betonschalungen, die mehr als 50 Anwendungszyklen beim Bau von monolithischen H\u00e4usern \u00fcberstehen.<\/p><p class=\"p1\">Film Faced Sperrholz basiert auf Birkensperrholz Exterior und weist eine Schicht aus hochdichtem Papier auf, das mit Phenol-Formaldehyd-Harz getr\u00e4nkt ist und eine robuste Schutzschicht bildet. Alternativ ist auch eine Variante mit modifiziertem Phenolfilm erh\u00e4ltlich, die sich durch lebhafte, farbechte Farbt\u00f6ne auszeichnet, die auch l\u00e4ngerer Sonneneinstrahlung standhalten.<\/p><p class=\"p1\">Der in die Plattenherstellung integrierte WBP-Leim sorgt f\u00fcr eine hervorragende Verklebung und erf\u00fcllt gleichzeitig die Formaldehyd-Emissionsstandards (E1, EPA TSCA Title VI). Die Kanten sind mit wasserfester Acrylfarbe versiegelt, um die Feuchtigkeitsbest\u00e4ndigkeit zu erh\u00f6hen und eine dauerhafte Leistung und Langlebigkeit zu gew\u00e4hrleisten. Die \u00fcberzogene Oberfl\u00e4che l\u00e4sst sich leicht reinigen, und die wasserbest\u00e4ndige Beschichtung bietet eine Reihe von Farben, so dass Ihre Projekte sowohl praktisch als auch \u00e4sthetisch ansprechend sind.<\/p>\t\t\t\t\t\t\t\t<\/div>\n\t\t\t\t<\/div>\n\t\t\t\t\t<\/div>\n\t\t<\/div>\n\t\t\t\t\t<\/div>\n\t\t<\/section>\n\t\t\t\t<section class=\"elementor-section elementor-top-section elementor-element elementor-element-40a5ee7 elementor-section-boxed elementor-section-height-default elementor-section-height-default sc_fly_static\" data-id=\"40a5ee7\" data-element_type=\"section\">\n\t\t\t\t\t\t<div class=\"elementor-container elementor-column-gap-extended\">\n\t\t\t\t\t<div class=\"elementor-column elementor-col-100 elementor-top-column elementor-element elementor-element-4cf6e05 sc_inner_width_none sc_content_align_inherit sc_layouts_column_icons_position_left sc_fly_static\" data-id=\"4cf6e05\" data-element_type=\"column\">\n\t\t\t<div class=\"elementor-widget-wrap elementor-element-populated\">\n\t\t\t\t\t\t<div class=\"elementor-element elementor-element-7f1878e sc_fly_static elementor-widget elementor-widget-heading\" data-id=\"7f1878e\" data-element_type=\"widget\" data-widget_type=\"heading.default\">\n\t\t\t\t<div class=\"elementor-widget-container\">\n\t\t\t\t\t<h3 class=\"elementor-heading-title elementor-size-default\">technisches Datenblatt<\/h3>\t\t\t\t<\/div>\n\t\t\t\t<\/div>\n\t\t\t\t<div class=\"elementor-element elementor-element-253a922 sc_fly_static elementor-widget elementor-widget-trx_sc_table\" data-id=\"253a922\" data-element_type=\"widget\" data-widget_type=\"trx_sc_table.default\">\n\t\t\t\t<div class=\"elementor-widget-container\">\n\t\t\t\t\t<div class=\"sc_table_wrap\"><div\t\tclass=\"sc_table sc_table_default trx_addons_inline_208784877\" ><table cellspacing=\"0\" summary=\"technical sheet\">\n\t<tr>\n\t\t<td>Dicken (mm):<\/td>\n\t\t<td>6; 9; 12; 15; 18; 21; 24; 27; 30; 35; 40<\/td>\n\t<\/tr>\n\t<tr>\n\t\t<td>Verf\u00fcgbare Gr\u00f6\u00dfen (mm):<\/td>\n\t\t<td>2440 x 1220; 2500 \u0445 1250; 3050 x 1525<\/td>\n\t<\/tr>\n\t<tr>\n\t\t<td>Kleber:<\/td>\n\t\t<td>Au\u00dfen - Phenol-Formaldehyd-Klebstoff (WBP)<\/td>\n\t<\/tr>\n\t<tr>\n\t\t<td>Formaldehyd-Emissionen:<\/td>\n\t\t<td>E 0.5, CARB ULEF<\/td>\n\t<\/tr>\n\t<tr>\n\t\t<td>Klassen:<\/td>\n\t\t<td>I\/I<\/td>\n\t<\/tr>\n\t<tr>\n\t\t<td>Oberfl\u00e4chenart:<\/td>\n\t\t<td>F\/F (Glatt\/Glatt)<\/td>\n\t<\/tr>\n\t<tr>\n\t\t<td>Feuchtigkeitsgehalt:<\/td>\n\t\t<td>5-14%<\/td>\n\t<\/tr>\n\t<tr>\n\t\t<td>Kantenversiegelung:<\/td>\n\t\t<td>Spezielle wasserfeste Acrylbasi<\/td>\n\t<\/tr>\n<\/table><\/div><\/div>\t\t\t\t<\/div>\n\t\t\t\t<\/div>\n\t\t\t\t\t<\/div>\n\t\t<\/div>\n\t\t\t\t\t<\/div>\n\t\t<\/section>\n\t\t\t\t<section class=\"elementor-section elementor-top-section elementor-element elementor-element-8dc8cb9 elementor-section-boxed elementor-section-height-default elementor-section-height-default sc_fly_static\" data-id=\"8dc8cb9\" data-element_type=\"section\">\n\t\t\t\t\t\t<div class=\"elementor-container elementor-column-gap-extended\">\n\t\t\t\t\t<div class=\"elementor-column elementor-col-100 elementor-top-column elementor-element elementor-element-f2a621c sc_inner_width_none sc_content_align_inherit sc_layouts_column_icons_position_left sc_fly_static\" data-id=\"f2a621c\" data-element_type=\"column\">\n\t\t\t<div class=\"elementor-widget-wrap elementor-element-populated\">\n\t\t\t\t\t\t<div class=\"elementor-element elementor-element-8a838e7 sc_fly_static elementor-widget elementor-widget-html\" data-id=\"8a838e7\" data-element_type=\"widget\" data-widget_type=\"html.default\">\n\t\t\t\t<div class=\"elementor-widget-container\">\n\t\t\t\t\t<div class=\"product type-product post-27614 status-publish first instock product_cat-decor product_cat-samples product_tag-floor product_tag-house product_tag-item product_tag-repair has-post-thumbnail shipping-taxable purchasable product-type-variable woocommerce\"><section class=\"related products\">\n    <h2>\u00c4hnliche Produkte<\/h2>\n\n    <ul class=\"products columns-3\">\n\n      <!-- <li class=\"product type-product post-2340 status-publish first instock product_cat-samples product_cat-wood product_tag-decor product_tag-design product_tag-home has-post-thumbnail shipping-taxable purchasable product-type-simple wishlist_decorated\">\n        <div class=\"post_item post_layout_thumbs\">\n          <div class=\"post_featured hover_shop\">\n            <a href=\"\/regular\">\n              <img loading=\"lazy\" loading=\"lazy\" width=\"630\" height=\"630\" src=\"https:\/\/holzply.com\/wp-content\/uploads\/2024\/04\/Layer-10-scaled-e1711965004746.jpg\" class=\"attachment-woocommerce_thumbnail size-woocommerce_thumbnail\" alt=\"\" decoding=\"async\" >\n            <\/a>\n            <div class=\"mask\"><\/div>\n          <\/div>\n          <div class=\"post_data\">\n            <div class=\"post_data_inner\">\n              <div class=\"post_header entry-header\">\n                <h2 class=\"woocommerce-loop-product__title\">\n                  <a href=\"\/regular\">Birch plywood - Regular<\/a>\n                <\/h2>\n              <\/div>\n            <\/div>\n          <\/div>\n        <\/div>\n      <\/li> -->\n\n      <li class=\"product type-product post-2345 status-publish last instock product_cat-samples product_cat-wood product_tag-decor product_tag-design product_tag-home has-post-thumbnail shipping-taxable purchasable product-type-simple wishlist_decorated\">\n        <div class=\"post_item post_layout_thumbs\">\n          <div class=\"post_featured hover_shop\">\n            <a href=\"\/de\/uv\/\">\n              <img loading=\"lazy\" width=\"630\" height=\"630\" src=\"https:\/\/holzply.com\/wp-content\/uploads\/2024\/04\/UV-scaled-e1711975012291.jpg\" class=\"attachment-woocommerce_thumbnail size-woocommerce_thumbnail\" alt=\"\" decoding=\"async\">\n            <\/a>\n            <div class=\"mask\"><\/div>\n          <\/div>\n          <div class=\"post_data\">\n            <div class=\"post_data_inner\">\n              <div class=\"post_header entry-header\">\n                <h2 class=\"woocommerce-loop-product__title\">\n                  <a href=\"\/de\/uv\/\">BIRKENSPERRHOLZ \u2013 UV<\/a>\n                <\/h2>\n              <\/div>\n            <\/div>\n          <\/div>\n        <\/div>\n      <\/li>\n\n      <li class=\"product type-product post-27614 status-publish last instock product_cat-decor product_cat-samples product_tag-floor product_tag-house product_tag-item product_tag-repair has-post-thumbnail shipping-taxable purchasable product-type-variable wishlist_decorated\">\n        <div class=\"post_item post_layout_thumbs\">\n          <div class=\"post_featured hover_shop\">\n            <a href=\"\/de\/color\/\">\n              <img loading=\"lazy\" width=\"630\" height=\"630\" src=\"https:\/\/holzply.com\/wp-content\/uploads\/2024\/04\/Color-1-scaled-e1711972264862.jpg\" class=\"attachment-woocommerce_thumbnail size-woocommerce_thumbnail\" alt=\"\" decoding=\"async\">\n            <\/a>\n            <div class=\"mask\"><\/div>\n          <\/div>\n          <div class=\"post_data\">\n            <div class=\"post_data_inner\">\n              <div class=\"post_header entry-header\">\n                <h2 class=\"woocommerce-loop-product__title\">\n                  <a href=\"\/de\/color\/\">BIRKENSPERRHOLZ \u2013 FARBE<\/a>\n                <\/h2>\n              <\/div>\n            <\/div>\n          <\/div>\n        <\/div>\n      <\/li>\n\n      <li class=\"product type-product post-2340 status-publish first instock product_cat-samples product_cat-wood product_tag-decor product_tag-design product_tag-home has-post-thumbnail shipping-taxable purchasable product-type-simple wishlist_decorated\">\n        <div class=\"post_item post_layout_thumbs\">\n          <div class=\"post_featured hover_shop\">\n            <a href=\"\/de\/primer\/\">\n              <img loading=\"lazy\" width=\"630\" height=\"630\" src=\"https:\/\/holzply.com\/wp-content\/uploads\/2024\/04\/Primer-e1711972048965.jpg\" class=\"attachment-woocommerce_thumbnail size-woocommerce_thumbnail\" alt=\"\" decoding=\"async\" >\n            <\/a>\n            <div class=\"mask\"><\/div>\n          <\/div>\n          <div class=\"post_data\">\n            <div class=\"post_data_inner\">\n              <div class=\"post_header entry-header\">\n                <h2 class=\"woocommerce-loop-product__title\">\n                  <a href=\"\/de\/primer\/\">BIRKENSPERRHOLZ \u2013 PRIMER<\/a>\n                <\/h2>\n              <\/div>\n            <\/div>\n          <\/div>\n        <\/div>\n      <\/li>\n\n      <!-- <li class=\"product type-product post-2345 status-publish last instock product_cat-samples product_cat-wood product_tag-decor product_tag-design product_tag-home has-post-thumbnail shipping-taxable purchasable product-type-simple wishlist_decorated\">\n        <div class=\"post_item post_layout_thumbs\">\n          <div class=\"post_featured hover_shop\">\n            <a href=\"\/film-faced\">\n              <img loading=\"lazy\" loading=\"lazy\" width=\"630\" height=\"630\" src=\"https:\/\/holzply.com\/wp-content\/uploads\/2024\/04\/Film-Faced-scaled-e1711971892190.jpg\" class=\"attachment-woocommerce_thumbnail size-woocommerce_thumbnail\" alt=\"\" decoding=\"async\">\n            <\/a>\n            <div class=\"mask\"><\/div>\n          <\/div>\n          <div class=\"post_data\">\n            <div class=\"post_data_inner\">\n              <div class=\"post_header entry-header\">\n                <h2 class=\"woocommerce-loop-product__title\">\n                  <a href=\"\/film-faced\">Birch plywood - Film faced<\/a>\n                <\/h2>\n              <\/div>\n            <\/div>\n          <\/div>\n        <\/div>\n      <\/li> -->\n\n      <!-- <li class=\"product type-product post-27614 status-publish last instock product_cat-decor product_cat-samples product_tag-floor product_tag-house product_tag-item product_tag-repair has-post-thumbnail shipping-taxable purchasable product-type-variable wishlist_decorated\">\n        <div class=\"post_item post_layout_thumbs\">\n          <div class=\"post_featured hover_shop\">\n            <a href=\"\/parquet\">\n              <img loading=\"lazy\" loading=\"lazy\" width=\"630\" height=\"630\" src=\"https:\/\/holzply.com\/wp-content\/uploads\/2024\/04\/Parquet-Standard-1-e1711975513218.jpg\" class=\"attachment-woocommerce_thumbnail size-woocommerce_thumbnail\" alt=\"\" decoding=\"async\">\n            <\/a>\n            <div class=\"mask\"><\/div>\n          <\/div>\n          <div class=\"post_data\">\n            <div class=\"post_data_inner\">\n              <div class=\"post_header entry-header\">\n                <h2 class=\"woocommerce-loop-product__title\">\n                  <a href=\"\/parquet\">Birch plywood - Parquet<\/a>\n                <\/h2>\n              <\/div>\n            <\/div>\n          <\/div>\n        <\/div>\n      <\/li>\n    <\/ul> -->\n  <\/section>\n  \n  <\/div>\t\t\t\t<\/div>\n\t\t\t\t<\/div>\n\t\t\t\t\t<\/div>\n\t\t<\/div>\n\t\t\t\t\t<\/div>\n\t\t<\/section>\n\t\t\t\t<\/div>","protected":false},"excerpt":{"rendered":"<p>Birch Plywood &#8211; Film faced Film faced plywood distinguishes itself with remarkable resilience against water, abrasion, chemicals, fungi, and mold. Engineered for durability, it emerges as an indispensable option for&hellip;<\/p>","protected":false},"author":1,"featured_media":0,"parent":0,"menu_order":0,"comment_status":"closed","ping_status":"closed","template":"elementor_header_footer","meta":{"content-type":"","footnotes":""},"yoast_head":"<!-- This site is optimized with the Yoast SEO plugin v23.0 - https:\/\/yoast.com\/wordpress\/plugins\/seo\/ -->\n<title>Birch Plywood - Film Faced - Holzply<\/title>\n<meta name=\"robots\" content=\"index, follow, max-snippet:-1, max-image-preview:large, max-video-preview:-1\" \/>\n<link rel=\"canonical\" href=\"https:\/\/holzply.com\/de\/film-faced\/\" \/>\n<meta property=\"og:locale\" content=\"de_DE\" \/>\n<meta property=\"og:type\" content=\"article\" \/>\n<meta property=\"og:title\" content=\"Birch Plywood - Film Faced - Holzply\" \/>\n<meta property=\"og:description\" content=\"Birch Plywood &#8211; Film faced Film faced plywood distinguishes itself with remarkable resilience against water, abrasion, chemicals, fungi, and mold. Engineered for durability, it emerges as an indispensable option for&hellip;\" \/>\n<meta property=\"og:url\" content=\"https:\/\/holzply.com\/de\/film-faced\/\" \/>\n<meta property=\"og:site_name\" content=\"Holzply\" \/>\n<meta property=\"article:modified_time\" content=\"2024-04-14T15:02:30+00:00\" \/>\n<meta property=\"og:image\" content=\"https:\/\/holzply.com\/wp-content\/uploads\/2024\/04\/Film-Faced-scaled-e1711971892190-1024x1024.jpg\" \/>\n<meta name=\"twitter:card\" content=\"summary_large_image\" \/>\n<meta name=\"twitter:label1\" content=\"Gesch\u00e4tzte Lesezeit\" \/>\n\t<meta name=\"twitter:data1\" content=\"2\u00a0Minuten\" \/>\n<script type=\"application\/ld+json\" class=\"yoast-schema-graph\">{\"@context\":\"https:\/\/schema.org\",\"@graph\":[{\"@type\":\"WebPage\",\"@id\":\"https:\/\/holzply.com\/film-faced\/\",\"url\":\"https:\/\/holzply.com\/film-faced\/\",\"name\":\"Birch Plywood - Film Faced - Holzply\",\"isPartOf\":{\"@id\":\"https:\/\/holzply.com\/#website\"},\"primaryImageOfPage\":{\"@id\":\"https:\/\/holzply.com\/film-faced\/#primaryimage\"},\"image\":{\"@id\":\"https:\/\/holzply.com\/film-faced\/#primaryimage\"},\"thumbnailUrl\":\"https:\/\/holzply.com\/wp-content\/uploads\/2024\/04\/Film-Faced-scaled-e1711971892190-1024x1024.jpg\",\"datePublished\":\"2024-04-01T11:38:57+00:00\",\"dateModified\":\"2024-04-14T15:02:30+00:00\",\"breadcrumb\":{\"@id\":\"https:\/\/holzply.com\/film-faced\/#breadcrumb\"},\"inLanguage\":\"de\",\"potentialAction\":[{\"@type\":\"ReadAction\",\"target\":[\"https:\/\/holzply.com\/film-faced\/\"]}]},{\"@type\":\"ImageObject\",\"inLanguage\":\"de\",\"@id\":\"https:\/\/holzply.com\/film-faced\/#primaryimage\",\"url\":\"https:\/\/holzply.com\/wp-content\/uploads\/2024\/04\/Film-Faced-scaled-e1711971892190-1024x1024.jpg\",\"contentUrl\":\"https:\/\/holzply.com\/wp-content\/uploads\/2024\/04\/Film-Faced-scaled-e1711971892190-1024x1024.jpg\"},{\"@type\":\"BreadcrumbList\",\"@id\":\"https:\/\/holzply.com\/film-faced\/#breadcrumb\",\"itemListElement\":[{\"@type\":\"ListItem\",\"position\":1,\"name\":\"Home\",\"item\":\"https:\/\/holzply.com\/\"},{\"@type\":\"ListItem\",\"position\":2,\"name\":\"Birch Plywood &#8211; Film Faced\"}]},{\"@type\":\"WebSite\",\"@id\":\"https:\/\/holzply.com\/#website\",\"url\":\"https:\/\/holzply.com\/\",\"name\":\"Holzply\",\"description\":\"Nature\u2019s Elegance\",\"publisher\":{\"@id\":\"https:\/\/holzply.com\/#organization\"},\"potentialAction\":[{\"@type\":\"SearchAction\",\"target\":{\"@type\":\"EntryPoint\",\"urlTemplate\":\"https:\/\/holzply.com\/?s={search_term_string}\"},\"query-input\":\"required name=search_term_string\"}],\"inLanguage\":\"de\"},{\"@type\":\"Organization\",\"@id\":\"https:\/\/holzply.com\/#organization\",\"name\":\"Holzply\",\"url\":\"https:\/\/holzply.com\/\",\"logo\":{\"@type\":\"ImageObject\",\"inLanguage\":\"de\",\"@id\":\"https:\/\/holzply.com\/#\/schema\/logo\/image\/\",\"url\":\"https:\/\/holzply.com\/wp-content\/uploads\/2024\/04\/cropped-HolzPly-logo-3-1.png\",\"contentUrl\":\"https:\/\/holzply.com\/wp-content\/uploads\/2024\/04\/cropped-HolzPly-logo-3-1.png\",\"width\":512,\"height\":512,\"caption\":\"Holzply\"},\"image\":{\"@id\":\"https:\/\/holzply.com\/#\/schema\/logo\/image\/\"}}]}<\/script>\n<!-- \/ Yoast SEO plugin. -->","yoast_head_json":{"title":"Birch Plywood - Film Faced - Holzply","robots":{"index":"index","follow":"follow","max-snippet":"max-snippet:-1","max-image-preview":"max-image-preview:large","max-video-preview":"max-video-preview:-1"},"canonical":"https:\/\/holzply.com\/de\/film-faced\/","og_locale":"de_DE","og_type":"article","og_title":"Birch Plywood - Film Faced - Holzply","og_description":"Birch Plywood &#8211; Film faced Film faced plywood distinguishes itself with remarkable resilience against water, abrasion, chemicals, fungi, and mold. Engineered for durability, it emerges as an indispensable option for&hellip;","og_url":"https:\/\/holzply.com\/de\/film-faced\/","og_site_name":"Holzply","article_modified_time":"2024-04-14T15:02:30+00:00","og_image":[{"url":"https:\/\/holzply.com\/wp-content\/uploads\/2024\/04\/Film-Faced-scaled-e1711971892190-1024x1024.jpg"}],"twitter_card":"summary_large_image","twitter_misc":{"Gesch\u00e4tzte Lesezeit":"2\u00a0Minuten"},"schema":{"@context":"https:\/\/schema.org","@graph":[{"@type":"WebPage","@id":"https:\/\/holzply.com\/film-faced\/","url":"https:\/\/holzply.com\/film-faced\/","name":"Birch Plywood - Film Faced - Holzply","isPartOf":{"@id":"https:\/\/holzply.com\/#website"},"primaryImageOfPage":{"@id":"https:\/\/holzply.com\/film-faced\/#primaryimage"},"image":{"@id":"https:\/\/holzply.com\/film-faced\/#primaryimage"},"thumbnailUrl":"https:\/\/holzply.com\/wp-content\/uploads\/2024\/04\/Film-Faced-scaled-e1711971892190-1024x1024.jpg","datePublished":"2024-04-01T11:38:57+00:00","dateModified":"2024-04-14T15:02:30+00:00","breadcrumb":{"@id":"https:\/\/holzply.com\/film-faced\/#breadcrumb"},"inLanguage":"de","potentialAction":[{"@type":"ReadAction","target":["https:\/\/holzply.com\/film-faced\/"]}]},{"@type":"ImageObject","inLanguage":"de","@id":"https:\/\/holzply.com\/film-faced\/#primaryimage","url":"https:\/\/holzply.com\/wp-content\/uploads\/2024\/04\/Film-Faced-scaled-e1711971892190-1024x1024.jpg","contentUrl":"https:\/\/holzply.com\/wp-content\/uploads\/2024\/04\/Film-Faced-scaled-e1711971892190-1024x1024.jpg"},{"@type":"BreadcrumbList","@id":"https:\/\/holzply.com\/film-faced\/#breadcrumb","itemListElement":[{"@type":"ListItem","position":1,"name":"Home","item":"https:\/\/holzply.com\/"},{"@type":"ListItem","position":2,"name":"Birch Plywood &#8211; Film Faced"}]},{"@type":"WebSite","@id":"https:\/\/holzply.com\/#website","url":"https:\/\/holzply.com\/","name":"Holzply","description":"Nature\u2019s Elegance","publisher":{"@id":"https:\/\/holzply.com\/#organization"},"potentialAction":[{"@type":"SearchAction","target":{"@type":"EntryPoint","urlTemplate":"https:\/\/holzply.com\/?s={search_term_string}"},"query-input":"required name=search_term_string"}],"inLanguage":"de"},{"@type":"Organization","@id":"https:\/\/holzply.com\/#organization","name":"Holzply","url":"https:\/\/holzply.com\/","logo":{"@type":"ImageObject","inLanguage":"de","@id":"https:\/\/holzply.com\/#\/schema\/logo\/image\/","url":"https:\/\/holzply.com\/wp-content\/uploads\/2024\/04\/cropped-HolzPly-logo-3-1.png","contentUrl":"https:\/\/holzply.com\/wp-content\/uploads\/2024\/04\/cropped-HolzPly-logo-3-1.png","width":512,"height":512,"caption":"Holzply"},"image":{"@id":"https:\/\/holzply.com\/#\/schema\/logo\/image\/"}}]}},"_links":{"self":[{"href":"https:\/\/holzply.com\/de\/wp-json\/wp\/v2\/pages\/35169"}],"collection":[{"href":"https:\/\/holzply.com\/de\/wp-json\/wp\/v2\/pages"}],"about":[{"href":"https:\/\/holzply.com\/de\/wp-json\/wp\/v2\/types\/page"}],"author":[{"embeddable":true,"href":"https:\/\/holzply.com\/de\/wp-json\/wp\/v2\/users\/1"}],"replies":[{"embeddable":true,"href":"https:\/\/holzply.com\/de\/wp-json\/wp\/v2\/comments?post=35169"}],"version-history":[{"count":22,"href":"https:\/\/holzply.com\/de\/wp-json\/wp\/v2\/pages\/35169\/revisions"}],"predecessor-version":[{"id":35545,"href":"https:\/\/holzply.com\/de\/wp-json\/wp\/v2\/pages\/35169\/revisions\/35545"}],"wp:attachment":[{"href":"https:\/\/holzply.com\/de\/wp-json\/wp\/v2\/media?parent=35169"}],"curies":[{"name":"wp","href":"https:\/\/api.w.org\/{rel}","templated":true}]}}