{"id":34950,"date":"2024-03-28T16:06:30","date_gmt":"2024-03-28T16:06:30","guid":{"rendered":"https:\/\/holzply.com\/?page_id=34950"},"modified":"2024-03-28T16:06:30","modified_gmt":"2024-03-28T16:06:30","slug":"our-products","status":"publish","type":"page","link":"https:\/\/holzply.com\/de\/our-products\/","title":{"rendered":"Produkte"},"content":{"rendered":"<div data-elementor-type=\"wp-page\" data-elementor-id=\"34950\" class=\"elementor elementor-34950\">\n\t\t\t\t\t\t<section class=\"elementor-section elementor-top-section elementor-element elementor-element-1c581116 elementor-section-boxed elementor-section-height-default elementor-section-height-default sc_fly_static\" data-id=\"1c581116\" data-element_type=\"section\">\n\t\t\t\t\t\t<div class=\"elementor-container elementor-column-gap-extended\">\n\t\t\t\t\t<div class=\"elementor-column elementor-col-100 elementor-top-column elementor-element elementor-element-4431957e sc_layouts_column_align_center sc_layouts_column sc_inner_width_none sc_content_align_inherit sc_layouts_column_icons_position_left sc_fly_static\" data-id=\"4431957e\" data-element_type=\"column\">\n\t\t\t<div class=\"elementor-widget-wrap elementor-element-populated\">\n\t\t\t\t\t\t<div class=\"elementor-element elementor-element-38d3419 sc_height_small sc_fly_static elementor-widget elementor-widget-spacer\" data-id=\"38d3419\" data-element_type=\"widget\" data-widget_type=\"spacer.default\">\n\t\t\t\t<div class=\"elementor-widget-container\">\n\t\t\t\t\t\t\t<div class=\"elementor-spacer\">\n\t\t\t<div class=\"elementor-spacer-inner\"><\/div>\n\t\t<\/div>\n\t\t\t\t\t\t<\/div>\n\t\t\t\t<\/div>\n\t\t\t\t<div class=\"elementor-element elementor-element-59e0d8c2 sc_height_huge sc_fly_static elementor-widget elementor-widget-spacer\" data-id=\"59e0d8c2\" data-element_type=\"widget\" data-widget_type=\"spacer.default\">\n\t\t\t\t<div class=\"elementor-widget-container\">\n\t\t\t\t\t\t\t<div class=\"elementor-spacer\">\n\t\t\t<div class=\"elementor-spacer-inner\"><\/div>\n\t\t<\/div>\n\t\t\t\t\t\t<\/div>\n\t\t\t\t<\/div>\n\t\t\t\t\t<\/div>\n\t\t<\/div>\n\t\t\t\t\t<\/div>\n\t\t<\/section>\n\t\t\t\t<section class=\"elementor-section-with-custom-width elementor-section elementor-top-section elementor-element elementor-element-a92142b elementor-section-content-middle elementor-section-boxed elementor-section-height-default elementor-section-height-default sc_fly_static\" data-id=\"a92142b\" data-element_type=\"section\">\n\t\t\t\t\t\t<div class=\"elementor-container elementor-column-gap-extended\">\n\t\t\t\t\t<div class=\"elementor-column elementor-col-50 elementor-top-column elementor-element elementor-element-b7aa7d2 sc_inner_width_none sc_content_align_inherit sc_layouts_column_icons_position_left sc_fly_static\" data-id=\"b7aa7d2\" data-element_type=\"column\">\n\t\t\t<div class=\"elementor-widget-wrap elementor-element-populated\">\n\t\t\t\t\t\t<section class=\"elementor-section elementor-inner-section elementor-element elementor-element-0123423 elementor-section-content-bottom elementor-section-boxed elementor-section-height-default elementor-section-height-default sc_fly_static\" data-id=\"0123423\" data-element_type=\"section\">\n\t\t\t\t\t\t<div class=\"elementor-container elementor-column-gap-no\">\n\t\t\t\t\t<div class=\"elementor-column elementor-col-100 elementor-inner-column elementor-element elementor-element-276be52 sc_inner_width_none sc_content_align_inherit sc_layouts_column_icons_position_left sc_fly_static\" data-id=\"276be52\" data-element_type=\"column\">\n\t\t\t<div class=\"elementor-widget-wrap elementor-element-populated\">\n\t\t\t\t\t\t<div class=\"elementor-element elementor-element-95e7776 elementor-widget__width-auto no-title animation_type_block sc_fly_static elementor-invisible elementor-widget elementor-widget-image\" data-id=\"95e7776\" data-element_type=\"widget\" data-settings=\"{&quot;_animation&quot;:&quot;fortunio-fadeinup&quot;}\" data-widget_type=\"image.default\">\n\t\t\t\t<div class=\"elementor-widget-container\">\n\t\t\t\t\t\t\t\t\t\t\t\t<figure class=\"wp-caption\">\n\t\t\t\t\t\t\t\t\t\t<img decoding=\"async\" src=\"https:\/\/holzply.com\/wp-content\/uploads\/elementor\/thumbs\/h1b3i-ql9n7zufswh67x37pny9grpahsyrm07vm0ubqmi8t0.jpg\" title=\"h1b3i\" alt=\"h1b3i\" loading=\"lazy\" \/>\t\t\t\t\t\t\t\t\t\t\t<figcaption class=\"widget-image-caption wp-caption-text\"><\/figcaption>\n\t\t\t\t\t\t\t\t\t\t<\/figure>\n\t\t\t\t\t\t\t\t\t<\/div>\n\t\t\t\t<\/div>\n\t\t\t\t\t<\/div>\n\t\t<\/div>\n\t\t\t\t\t<\/div>\n\t\t<\/section>\n\t\t\t\t\t<\/div>\n\t\t<\/div>\n\t\t\t\t<div class=\"elementor-column elementor-col-50 elementor-top-column elementor-element elementor-element-5bafb6f sc_inner_width_none sc_content_align_inherit sc_layouts_column_icons_position_left sc_fly_static\" data-id=\"5bafb6f\" data-element_type=\"column\">\n\t\t\t<div class=\"elementor-widget-wrap elementor-element-populated\">\n\t\t\t\t\t\t<div class=\"elementor-element elementor-element-eb66dc0 sc_fly_static elementor-widget elementor-widget-trx_sc_title\" data-id=\"eb66dc0\" data-element_type=\"widget\" data-widget_type=\"trx_sc_title.default\">\n\t\t\t\t<div class=\"elementor-widget-container\">\n\t\t\t\t\t<div\t\tclass=\"sc_title sc_title_default\" ><span class=\"sc_item_subtitle sc_title_subtitle sc_item_subtitle_above sc_item_title_style_default\">was wir tun<\/span><div class=\"sc_item_descr sc_title_descr\"><p>HolzPly is a trade distribution company specializing in the import, export, and distribution of top-tier wood panels and decorative surfaces.<br \/>\nFounded by a group of professionals with cumulative experience surpassing 32 years in the wood-based products and construction industries, our foundation was shaped by a shared industry observation.<br \/>\nWitnessing a trend over several years where numerous companies compromise on quality and customer satisfaction, we committed ourselves to providing an exceptional alternative. Our focus lies in delivering the highest quality products without cutting corners on efficiency, ensuring prompt delivery, all while providing unparalleled customer support.<br \/>\nUnser Betriebsb\u00fcro in Zug, Schweiz, \u00fcberwacht die gesamte Logistik und koordiniert Import, Export und Vertrieb zwischen unseren Lieferpartnern und Lagern in Slowenien, Kroatien und Rum\u00e4nien, w\u00e4hrend unser zentrales Verkaufsb\u00fcro in Ljubljana, Slowenien, als Hauptanlaufstelle f\u00fcr Kunden in ganz Europa und weltweit dient.<br \/>\nOur official business policy is incredibly straightforward: to offer our customers a diverse range of high-quality products and unparalleled customer experience, all at cost-effective prices. We aim to meet your needs so comprehensively that you won't find a reason to ever seek another supplier.<\/p>\n<\/div><\/div>\t\t\t\t<\/div>\n\t\t\t\t<\/div>\n\t\t\t\t<div class=\"elementor-element elementor-element-77a9cd8 sc_fly_static elementor-widget elementor-widget-spacer\" data-id=\"77a9cd8\" data-element_type=\"widget\" data-widget_type=\"spacer.default\">\n\t\t\t\t<div class=\"elementor-widget-container\">\n\t\t\t\t\t\t\t<div class=\"elementor-spacer\">\n\t\t\t<div class=\"elementor-spacer-inner\"><\/div>\n\t\t<\/div>\n\t\t\t\t\t\t<\/div>\n\t\t\t\t<\/div>\n\t\t\t\t\t<\/div>\n\t\t<\/div>\n\t\t\t\t\t<\/div>\n\t\t<\/section>\n\t\t\t\t<section class=\"elementor-section elementor-top-section elementor-element elementor-element-eba5b1a elementor-section-boxed elementor-section-height-default elementor-section-height-default sc_fly_static\" data-id=\"eba5b1a\" data-element_type=\"section\">\n\t\t\t\t\t\t<div class=\"elementor-container elementor-column-gap-extended\">\n\t\t\t\t\t<div class=\"elementor-column elementor-col-100 elementor-top-column elementor-element elementor-element-9ec106e sc_inner_width_none sc_content_align_inherit sc_layouts_column_icons_position_left sc_fly_static\" data-id=\"9ec106e\" data-element_type=\"column\">\n\t\t\t<div class=\"elementor-widget-wrap elementor-element-populated\">\n\t\t\t\t\t\t<section class=\"elementor-section elementor-inner-section elementor-element elementor-element-e164789 elementor-section-boxed elementor-section-height-default elementor-section-height-default sc_fly_static\" data-id=\"e164789\" data-element_type=\"section\">\n\t\t\t\t\t\t<div class=\"elementor-container elementor-column-gap-no\">\n\t\t\t\t\t<div class=\"elementor-column elementor-col-100 elementor-inner-column elementor-element elementor-element-b4b13c9 sc_inner_width_none sc_content_align_inherit sc_layouts_column_icons_position_left sc_fly_static\" data-id=\"b4b13c9\" data-element_type=\"column\">\n\t\t\t<div class=\"elementor-widget-wrap elementor-element-populated\">\n\t\t\t\t\t\t<div class=\"elementor-element elementor-element-9151fa9 sc_fly_static elementor-widget elementor-widget-trx_sc_skills\" data-id=\"9151fa9\" data-element_type=\"widget\" data-widget_type=\"trx_sc_skills.default\">\n\t\t\t\t<div class=\"elementor-widget-container\">\n\t\t\t\t\t<div\t\tclass=\"sc_skills sc_skills_counter_modern sc_skills_counter_style_counter\"\n\t\t\t\tdata-type=\"counter\" ><div class=\"sc_skills_columns sc_item_columns trx_addons_columns_wrap columns_padding_bottom columns_in_single_row\"><div class=\"sc_skills_column trx_addons_column-1_4 trx_addons_column-1_2-mobile\"><div class=\"sc_skills_item_wrap sc_skills_item_icon_position_top\"><div class=\"sc_skills_item\"><div class=\"sc_skills_total\" data-start=\"0\" data-stop=\"3\" data-step=\"0.03\" data-max=\"200\" data-speed=\"15\" data-duration=\"1500\" data-ed=\"\" data-style=\"counter\">0<\/div><\/div><div class=\"sc_skills_item_title\">Lagerh\u00e4user in der EU<\/div><\/div><\/div><div class=\"sc_skills_column trx_addons_column-1_4 trx_addons_column-1_2-mobile\"><div class=\"sc_skills_item_wrap sc_skills_item_icon_position_top\"><div class=\"sc_skills_item\"><div class=\"sc_skills_total\" data-start=\"0\" data-stop=\"7\" data-step=\"0.07\" data-max=\"200\" data-speed=\"15\" data-duration=\"1500\" data-ed=\"\" data-style=\"counter\">0<\/div><\/div><div class=\"sc_skills_item_title\">Von unseren Verk\u00e4ufern gesprochene Sprachen<\/div><\/div><\/div><div class=\"sc_skills_column trx_addons_column-1_4 trx_addons_column-1_2-mobile\"><div class=\"sc_skills_item_wrap sc_skills_item_icon_position_top\"><div class=\"sc_skills_item\"><div class=\"sc_skills_total\" data-start=\"0\" data-stop=\"11\" data-step=\"0.11\" data-max=\"200\" data-speed=\"15\" data-duration=\"1500\" data-ed=\"\" data-style=\"counter\">0<\/div><\/div><div class=\"sc_skills_item_title\">Hauptlieferanten<\/div><\/div><\/div><div class=\"sc_skills_column trx_addons_column-1_4 trx_addons_column-1_2-mobile\"><div class=\"sc_skills_item_wrap sc_skills_item_icon_position_top\"><div class=\"sc_skills_item\"><div class=\"sc_skills_total\" data-start=\"0\" data-stop=\"80\" data-step=\"0.8\" data-max=\"200\" data-speed=\"15\" data-duration=\"1500\" data-ed=\"\" data-style=\"counter\">0<\/div><\/div><div class=\"sc_skills_item_title\">L\u00e4nder, in denen wir t\u00e4tig sind<\/div><\/div><\/div><\/div><\/div>\t\t\t\t<\/div>\n\t\t\t\t<\/div>\n\t\t\t\t<div class=\"elementor-element elementor-element-61cf33b sc_height_huge sc_fly_static elementor-widget elementor-widget-spacer\" data-id=\"61cf33b\" data-element_type=\"widget\" data-widget_type=\"spacer.default\">\n\t\t\t\t<div class=\"elementor-widget-container\">\n\t\t\t\t\t\t\t<div class=\"elementor-spacer\">\n\t\t\t<div class=\"elementor-spacer-inner\"><\/div>\n\t\t<\/div>\n\t\t\t\t\t\t<\/div>\n\t\t\t\t<\/div>\n\t\t\t\t\t<\/div>\n\t\t<\/div>\n\t\t\t\t\t<\/div>\n\t\t<\/section>\n\t\t\t\t\t<\/div>\n\t\t<\/div>\n\t\t\t\t\t<\/div>\n\t\t<\/section>\n\t\t\t\t<section class=\"elementor-section elementor-top-section elementor-element elementor-element-f763510 elementor-section-content-middle elementor-section-boxed elementor-section-height-default elementor-section-height-default sc_fly_static\" data-id=\"f763510\" data-element_type=\"section\">\n\t\t\t\t\t\t<div class=\"elementor-container elementor-column-gap-extended\">\n\t\t\t\t\t<div class=\"elementor-column elementor-col-50 elementor-top-column elementor-element elementor-element-6a0649f sc_inner_width_none sc_content_align_inherit sc_layouts_column_icons_position_left sc_fly_static\" data-id=\"6a0649f\" data-element_type=\"column\">\n\t\t\t<div class=\"elementor-widget-wrap elementor-element-populated\">\n\t\t\t\t\t\t<section class=\"elementor-section elementor-inner-section elementor-element elementor-element-8555503 elementor-section-content-bottom elementor-section-boxed elementor-section-height-default elementor-section-height-default sc_fly_static\" data-id=\"8555503\" data-element_type=\"section\">\n\t\t\t\t\t\t<div class=\"elementor-container elementor-column-gap-no\">\n\t\t\t\t\t<div class=\"elementor-column elementor-col-100 elementor-inner-column elementor-element elementor-element-55e6397 sc_inner_width_none sc_content_align_inherit sc_layouts_column_icons_position_left sc_fly_static\" data-id=\"55e6397\" data-element_type=\"column\">\n\t\t\t<div class=\"elementor-widget-wrap elementor-element-populated\">\n\t\t\t\t\t\t<div class=\"elementor-element elementor-element-5156150 elementor-widget__width-auto no-title animation_type_block sc_fly_static elementor-invisible elementor-widget elementor-widget-image\" data-id=\"5156150\" data-element_type=\"widget\" data-settings=\"{&quot;_animation&quot;:&quot;fortunio-fadeinup&quot;}\" data-widget_type=\"image.default\">\n\t\t\t\t<div class=\"elementor-widget-container\">\n\t\t\t\t\t\t\t\t\t\t\t\t<figure class=\"wp-caption\">\n\t\t\t\t\t\t\t\t\t\t<img decoding=\"async\" src=\"https:\/\/holzply.com\/wp-content\/uploads\/elementor\/thumbs\/Dolje-slika-scaled-qlepuy2vcf37lsltm82d63q6zfvaqzbgl0bttzrevo.jpg\" title=\"Dolje slika\" alt=\"775254148\" loading=\"lazy\" \/>\t\t\t\t\t\t\t\t\t\t\t<figcaption class=\"widget-image-caption wp-caption-text\"><\/figcaption>\n\t\t\t\t\t\t\t\t\t\t<\/figure>\n\t\t\t\t\t\t\t\t\t<\/div>\n\t\t\t\t<\/div>\n\t\t\t\t\t<\/div>\n\t\t<\/div>\n\t\t\t\t\t<\/div>\n\t\t<\/section>\n\t\t\t\t\t<\/div>\n\t\t<\/div>\n\t\t\t\t<div class=\"elementor-column elementor-col-50 elementor-top-column elementor-element elementor-element-164c4f9 sc_inner_width_none sc_content_align_inherit sc_layouts_column_icons_position_left sc_fly_static\" data-id=\"164c4f9\" data-element_type=\"column\">\n\t\t\t<div class=\"elementor-widget-wrap elementor-element-populated\">\n\t\t\t\t\t\t<div class=\"elementor-element elementor-element-482195a sc_fly_static elementor-widget elementor-widget-trx_sc_title\" data-id=\"482195a\" data-element_type=\"widget\" data-widget_type=\"trx_sc_title.default\">\n\t\t\t\t<div class=\"elementor-widget-container\">\n\t\t\t\t\t<div\t\tclass=\"sc_title sc_title_default\" ><span class=\"sc_item_subtitle sc_title_subtitle sc_item_subtitle_above sc_item_title_style_default\">Warum mit uns arbeiten?<\/span><div class=\"sc_item_descr sc_title_descr\"><p>\u201cDeeds, not words\u201d embody our relentless pursuit of excellence. While our actions speak louder than any words, we understand that, initially, we must articulate answer to a question \u201cWhy work with us?\u201d<br \/>\nEs gibt mehr Gr\u00fcnde, als wir auf dieser Seite unterbringen k\u00f6nnen, aber lassen Sie uns 3 Hauptgr\u00fcnde nennen:<br \/>\n- Wir beziehen ausschlie\u00dflich die hochwertigsten Produkte auf dem Markt und bieten sie an. Wir machen keine Ausnahmen von diesem Standard; wenn wir nicht die hochwertigsten Produkte f\u00fcr unsere Kunden beschaffen k\u00f6nnen, haben wir kein Interesse daran, billige(re) Alternativen zu erwerben oder zu verkaufen.<br \/>\n- Unser Kundensupport-Team ist un\u00fcbertroffen. Unser Live-Chat-Mitarbeiter beantwortet alle Ihre Fragen und geht auf alle Ihre Anliegen innerhalb weniger Minuten ein, w\u00e4hrend wir garantieren, dass E-Mails innerhalb eines Werktages beantwortet werden (normalerweise antworten wir innerhalb einer Stunde).<br \/>\n- Wir haben ein eigenes Team, das alle Aspekte unseres Gesch\u00e4fts abdeckt, von der Beschaffung, der Logistik und dem Verkauf bis hin zum Kundendienst, der Buchhaltung und der Lagerhaltung. Dank dieses integrierten Ansatzes haben wir die volle Kontrolle \u00fcber unsere gesamte Lieferkette und k\u00f6nnen so Effizienz und Spitzenleistungen in allen Bereichen unseres Gesch\u00e4ftsbetriebs gew\u00e4hrleisten, w\u00e4hrend wir gleichzeitig weniger anf\u00e4llig f\u00fcr Marktverwerfungen sind.<br \/>\nAuch wenn es noch viele andere \u00fcberzeugende Gr\u00fcnde gibt, m\u00f6chten wir lieber beweisen, warum unsere Wahl zu einer ausgefeilten und au\u00dfergew\u00f6hnlichen Partnerschaft f\u00fchrt, als sie einfach nur zu formulieren.<br \/>\nWhile the list of compelling reasons why you should work with us is much longer than these 3 reasons, we prefer to showcase the professional and seamless experience of wor\tking with us rather than simply listing the benefits.<\/p>\n<\/div><\/div>\t\t\t\t<\/div>\n\t\t\t\t<\/div>\n\t\t\t\t<div class=\"elementor-element elementor-element-cea3e12 sc_fly_static elementor-widget elementor-widget-spacer\" data-id=\"cea3e12\" data-element_type=\"widget\" data-widget_type=\"spacer.default\">\n\t\t\t\t<div class=\"elementor-widget-container\">\n\t\t\t\t\t\t\t<div class=\"elementor-spacer\">\n\t\t\t<div class=\"elementor-spacer-inner\"><\/div>\n\t\t<\/div>\n\t\t\t\t\t\t<\/div>\n\t\t\t\t<\/div>\n\t\t\t\t\t<\/div>\n\t\t<\/div>\n\t\t\t\t\t<\/div>\n\t\t<\/section>\n\t\t\t\t<section class=\"elementor-section elementor-top-section elementor-element elementor-element-3c19a01 elementor-section-boxed elementor-section-height-default elementor-section-height-default sc_fly_static\" data-id=\"3c19a01\" data-element_type=\"section\">\n\t\t\t\t\t\t<div class=\"elementor-container elementor-column-gap-extended\">\n\t\t\t\t\t<div class=\"elementor-column elementor-col-100 elementor-top-column elementor-element elementor-element-00f8d9f sc_inner_width_none sc_content_align_inherit sc_layouts_column_icons_position_left sc_fly_static\" data-id=\"00f8d9f\" data-element_type=\"column\">\n\t\t\t<div class=\"elementor-widget-wrap elementor-element-populated\">\n\t\t\t\t\t\t<div class=\"elementor-element elementor-element-da2514d sc_height_huge sc_fly_static elementor-widget elementor-widget-spacer\" data-id=\"da2514d\" data-element_type=\"widget\" data-widget_type=\"spacer.default\">\n\t\t\t\t<div class=\"elementor-widget-container\">\n\t\t\t\t\t\t\t<div class=\"elementor-spacer\">\n\t\t\t<div class=\"elementor-spacer-inner\"><\/div>\n\t\t<\/div>\n\t\t\t\t\t\t<\/div>\n\t\t\t\t<\/div>\n\t\t\t\t\t<\/div>\n\t\t<\/div>\n\t\t\t\t\t<\/div>\n\t\t<\/section>\n\t\t\t\t<\/div>","protected":false},"excerpt":{"rendered":"<p>what we do HolzPly is a trade distribution company specializing in the import, export, and distribution of top-tier wood panels and decorative surfaces. Founded by a group of professionals with&hellip;<\/p>","protected":false},"author":1,"featured_media":0,"parent":0,"menu_order":0,"comment_status":"closed","ping_status":"closed","template":"","meta":{"content-type":"","footnotes":""},"yoast_head":"<!-- This site is optimized with the Yoast SEO plugin v23.0 - https:\/\/yoast.com\/wordpress\/plugins\/seo\/ -->\n<title>Our products - Holzply<\/title>\n<meta name=\"robots\" content=\"index, follow, max-snippet:-1, max-image-preview:large, max-video-preview:-1\" \/>\n<link rel=\"canonical\" href=\"https:\/\/holzply.com\/de\/our-products\/\" \/>\n<meta property=\"og:locale\" content=\"de_DE\" \/>\n<meta property=\"og:type\" content=\"article\" \/>\n<meta property=\"og:title\" content=\"Our products - Holzply\" \/>\n<meta property=\"og:description\" content=\"what we do HolzPly is a trade distribution company specializing in the import, export, and distribution of top-tier wood panels and decorative surfaces. Founded by a group of professionals with&hellip;\" \/>\n<meta property=\"og:url\" content=\"https:\/\/holzply.com\/de\/our-products\/\" \/>\n<meta property=\"og:site_name\" content=\"Holzply\" \/>\n<meta property=\"og:image\" content=\"https:\/\/holzply-com.preview-domain.com\/wp-content\/uploads\/2023\/09\/h1b3i.jpg\" \/>\n<meta name=\"twitter:card\" content=\"summary_large_image\" \/>\n<meta name=\"twitter:label1\" content=\"Gesch\u00e4tzte Lesezeit\" \/>\n\t<meta name=\"twitter:data1\" content=\"2\u00a0Minuten\" \/>\n<script type=\"application\/ld+json\" class=\"yoast-schema-graph\">{\"@context\":\"https:\/\/schema.org\",\"@graph\":[{\"@type\":\"WebPage\",\"@id\":\"https:\/\/holzply.com\/our-products\/\",\"url\":\"https:\/\/holzply.com\/our-products\/\",\"name\":\"Our products - Holzply\",\"isPartOf\":{\"@id\":\"https:\/\/holzply.com\/#website\"},\"primaryImageOfPage\":{\"@id\":\"https:\/\/holzply.com\/our-products\/#primaryimage\"},\"image\":{\"@id\":\"https:\/\/holzply.com\/our-products\/#primaryimage\"},\"thumbnailUrl\":\"https:\/\/holzply-com.preview-domain.com\/wp-content\/uploads\/2023\/09\/h1b3i.jpg\",\"datePublished\":\"2024-03-28T16:06:30+00:00\",\"dateModified\":\"2024-03-28T16:06:30+00:00\",\"breadcrumb\":{\"@id\":\"https:\/\/holzply.com\/our-products\/#breadcrumb\"},\"inLanguage\":\"de\",\"potentialAction\":[{\"@type\":\"ReadAction\",\"target\":[\"https:\/\/holzply.com\/our-products\/\"]}]},{\"@type\":\"ImageObject\",\"inLanguage\":\"de\",\"@id\":\"https:\/\/holzply.com\/our-products\/#primaryimage\",\"url\":\"https:\/\/holzply-com.preview-domain.com\/wp-content\/uploads\/2023\/09\/h1b3i.jpg\",\"contentUrl\":\"https:\/\/holzply-com.preview-domain.com\/wp-content\/uploads\/2023\/09\/h1b3i.jpg\"},{\"@type\":\"BreadcrumbList\",\"@id\":\"https:\/\/holzply.com\/our-products\/#breadcrumb\",\"itemListElement\":[{\"@type\":\"ListItem\",\"position\":1,\"name\":\"Home\",\"item\":\"https:\/\/holzply.com\/\"},{\"@type\":\"ListItem\",\"position\":2,\"name\":\"Our products\"}]},{\"@type\":\"WebSite\",\"@id\":\"https:\/\/holzply.com\/#website\",\"url\":\"https:\/\/holzply.com\/\",\"name\":\"Holzply\",\"description\":\"Nature\u2019s Elegance\",\"publisher\":{\"@id\":\"https:\/\/holzply.com\/#organization\"},\"potentialAction\":[{\"@type\":\"SearchAction\",\"target\":{\"@type\":\"EntryPoint\",\"urlTemplate\":\"https:\/\/holzply.com\/?s={search_term_string}\"},\"query-input\":\"required name=search_term_string\"}],\"inLanguage\":\"de\"},{\"@type\":\"Organization\",\"@id\":\"https:\/\/holzply.com\/#organization\",\"name\":\"Holzply\",\"url\":\"https:\/\/holzply.com\/\",\"logo\":{\"@type\":\"ImageObject\",\"inLanguage\":\"de\",\"@id\":\"https:\/\/holzply.com\/#\/schema\/logo\/image\/\",\"url\":\"https:\/\/holzply.com\/wp-content\/uploads\/2024\/04\/cropped-HolzPly-logo-3-1.png\",\"contentUrl\":\"https:\/\/holzply.com\/wp-content\/uploads\/2024\/04\/cropped-HolzPly-logo-3-1.png\",\"width\":512,\"height\":512,\"caption\":\"Holzply\"},\"image\":{\"@id\":\"https:\/\/holzply.com\/#\/schema\/logo\/image\/\"}}]}<\/script>\n<!-- \/ Yoast SEO plugin. -->","yoast_head_json":{"title":"Our products - Holzply","robots":{"index":"index","follow":"follow","max-snippet":"max-snippet:-1","max-image-preview":"max-image-preview:large","max-video-preview":"max-video-preview:-1"},"canonical":"https:\/\/holzply.com\/de\/our-products\/","og_locale":"de_DE","og_type":"article","og_title":"Our products - Holzply","og_description":"what we do HolzPly is a trade distribution company specializing in the import, export, and distribution of top-tier wood panels and decorative surfaces. Founded by a group of professionals with&hellip;","og_url":"https:\/\/holzply.com\/de\/our-products\/","og_site_name":"Holzply","og_image":[{"url":"https:\/\/holzply-com.preview-domain.com\/wp-content\/uploads\/2023\/09\/h1b3i.jpg"}],"twitter_card":"summary_large_image","twitter_misc":{"Gesch\u00e4tzte Lesezeit":"2\u00a0Minuten"},"schema":{"@context":"https:\/\/schema.org","@graph":[{"@type":"WebPage","@id":"https:\/\/holzply.com\/our-products\/","url":"https:\/\/holzply.com\/our-products\/","name":"Our products - Holzply","isPartOf":{"@id":"https:\/\/holzply.com\/#website"},"primaryImageOfPage":{"@id":"https:\/\/holzply.com\/our-products\/#primaryimage"},"image":{"@id":"https:\/\/holzply.com\/our-products\/#primaryimage"},"thumbnailUrl":"https:\/\/holzply-com.preview-domain.com\/wp-content\/uploads\/2023\/09\/h1b3i.jpg","datePublished":"2024-03-28T16:06:30+00:00","dateModified":"2024-03-28T16:06:30+00:00","breadcrumb":{"@id":"https:\/\/holzply.com\/our-products\/#breadcrumb"},"inLanguage":"de","potentialAction":[{"@type":"ReadAction","target":["https:\/\/holzply.com\/our-products\/"]}]},{"@type":"ImageObject","inLanguage":"de","@id":"https:\/\/holzply.com\/our-products\/#primaryimage","url":"https:\/\/holzply-com.preview-domain.com\/wp-content\/uploads\/2023\/09\/h1b3i.jpg","contentUrl":"https:\/\/holzply-com.preview-domain.com\/wp-content\/uploads\/2023\/09\/h1b3i.jpg"},{"@type":"BreadcrumbList","@id":"https:\/\/holzply.com\/our-products\/#breadcrumb","itemListElement":[{"@type":"ListItem","position":1,"name":"Home","item":"https:\/\/holzply.com\/"},{"@type":"ListItem","position":2,"name":"Our products"}]},{"@type":"WebSite","@id":"https:\/\/holzply.com\/#website","url":"https:\/\/holzply.com\/","name":"Holzply","description":"Nature\u2019s Elegance","publisher":{"@id":"https:\/\/holzply.com\/#organization"},"potentialAction":[{"@type":"SearchAction","target":{"@type":"EntryPoint","urlTemplate":"https:\/\/holzply.com\/?s={search_term_string}"},"query-input":"required name=search_term_string"}],"inLanguage":"de"},{"@type":"Organization","@id":"https:\/\/holzply.com\/#organization","name":"Holzply","url":"https:\/\/holzply.com\/","logo":{"@type":"ImageObject","inLanguage":"de","@id":"https:\/\/holzply.com\/#\/schema\/logo\/image\/","url":"https:\/\/holzply.com\/wp-content\/uploads\/2024\/04\/cropped-HolzPly-logo-3-1.png","contentUrl":"https:\/\/holzply.com\/wp-content\/uploads\/2024\/04\/cropped-HolzPly-logo-3-1.png","width":512,"height":512,"caption":"Holzply"},"image":{"@id":"https:\/\/holzply.com\/#\/schema\/logo\/image\/"}}]}},"_links":{"self":[{"href":"https:\/\/holzply.com\/de\/wp-json\/wp\/v2\/pages\/34950"}],"collection":[{"href":"https:\/\/holzply.com\/de\/wp-json\/wp\/v2\/pages"}],"about":[{"href":"https:\/\/holzply.com\/de\/wp-json\/wp\/v2\/types\/page"}],"author":[{"embeddable":true,"href":"https:\/\/holzply.com\/de\/wp-json\/wp\/v2\/users\/1"}],"replies":[{"embeddable":true,"href":"https:\/\/holzply.com\/de\/wp-json\/wp\/v2\/comments?post=34950"}],"version-history":[{"count":2,"href":"https:\/\/holzply.com\/de\/wp-json\/wp\/v2\/pages\/34950\/revisions"}],"predecessor-version":[{"id":34952,"href":"https:\/\/holzply.com\/de\/wp-json\/wp\/v2\/pages\/34950\/revisions\/34952"}],"wp:attachment":[{"href":"https:\/\/holzply.com\/de\/wp-json\/wp\/v2\/media?parent=34950"}],"curies":[{"name":"wp","href":"https:\/\/api.w.org\/{rel}","templated":true}]}}